{"id":3888,"date":"2025-04-14T13:30:56","date_gmt":"2025-04-14T13:30:56","guid":{"rendered":"https:\/\/lacabanyeta.com\/?page_id=3888"},"modified":"2026-02-28T19:02:05","modified_gmt":"2026-02-28T19:02:05","slug":"quienes-somos","status":"publish","type":"page","link":"https:\/\/lacabanyeta.com\/ca\/quienes-somos\/","title":{"rendered":"Qui Som"},"content":{"rendered":"<section class=\"section\" id=\"section_157063387\">\n\t\t<div class=\"section-bg fill\" >\n\t\t\t\t\t\t\t\t\t\n\t\t\t\n\n\t\t<\/div>\n\n\t\t\n\n\t\t<div class=\"section-content relative\">\n\t\t\t\n\n<div class=\"row\" style=\"max-width:1300px\" id=\"row-2099703789\">\n\n\n\t<div id=\"col-1516635201\" class=\"col medium-6 small-12 large-6\"  >\n\t\t\t\t<div class=\"col-inner\"  >\n\t\t\t\n\t\t\t\n\n\t<div id=\"gap-565116212\" class=\"gap-element clearfix\" style=\"display:block; height:auto;\">\n\t\t\n<style>\n#gap-565116212 {\n  padding-top: 60px;\n}\n<\/style>\n\t<\/div>\n\t\n\n\t<div id=\"text-1099357341\" class=\"text\">\n\t\t\n\n<h1>Tradici\u00f3n, cercan\u00eda y sabor aut\u00e9ntico<\/h1>\n\t\t\n<style>\n#text-1099357341 {\n  font-size: 2.3rem;\n  color: rgb(255,255,255);\n}\n#text-1099357341 > * {\n  color: rgb(255,255,255);\n}\n<\/style>\n\t<\/div>\n\t\n\n\t\t<\/div>\n\t\t\t\t\t<\/div>\n\n\t\n\n<\/div>\n\n\t\t<\/div>\n\n\t\t\n<style>\n#section_157063387 {\n  padding-top: 30px;\n  padding-bottom: 30px;\n  min-height: 300px;\n  background-color: rgb(59, 42, 30);\n}\n@media (min-width:550px) {\n  #section_157063387 {\n    min-height: 400px;\n  }\n}\n<\/style>\n\t<\/section>\n\t\n\n\t<section class=\"section\" id=\"section_854232837\">\n\t\t<div class=\"section-bg fill\" >\n\t\t\t\t\t\t\t\t\t\n\t\t\t\n\n\t\t<\/div>\n\n\t\t\n\n\t\t<div class=\"section-content relative\">\n\t\t\t\n\n<div class=\"row\" style=\"max-width:1200px\" id=\"row-1941137883\">\n\n\n\t<div id=\"col-642676703\" class=\"col small-12 large-12\"  >\n\t\t\t\t<div class=\"col-inner\"  >\n\t\t\t\n\t\t\t\n\n<div class=\"row align-bottom\" style=\"max-width:1200px\" id=\"row-1078782132\">\n\n\n\t<div id=\"col-1379470792\" class=\"col medium-12 small-12 large-6\"  >\n\t\t\t\t<div class=\"col-inner\"  >\n\t\t\t\n\t\t\t\n\n<p class=\"p1\">La Cabanyeta nace de una forma muy concreta de entender la gastronom\u00eda: cercana, honesta y pensada para disfrutar sin prisas. Creemos en el valor de lo aut\u00e9ntico, en los sabores que cuentan historias y en los productos que tienen un origen claro y cuidado.<\/p>\n<p class=\"p1\">Seleccionamos cada producto de manera consciente, apostando por peque\u00f1os productores que trabajan con dedicaci\u00f3n, respeto por la tradici\u00f3n y atenci\u00f3n al detalle. Nos interesan los procesos, las personas detr\u00e1s de cada elaboraci\u00f3n y la calidad real, no solo la apariencia.<\/p>\n<p class=\"p1\">Nuestra propuesta no se basa en la cantidad, sino en la coherencia. Buscamos que cada elemento tenga sentido dentro del conjunto, creando combinaciones equilibradas que aporten valor tanto a quien regala como a quien recibe.<\/p>\n<p class=\"p1\">En La Cabanyeta entendemos la gastronom\u00eda como una experiencia que va m\u00e1s all\u00e1 del producto: es conexi\u00f3n, es momento compartido, es descubrir sabores con identidad propia. Por eso cuidamos cada selecci\u00f3n para ofrecer algo m\u00e1s que una cesta: una forma de disfrutar, regalar y sentir.<\/p>\n\n\t\t<\/div>\n\t\t\t\t\t<\/div>\n\n\t\n\n\t<div id=\"col-1953427949\" class=\"col medium-12 small-12 large-6 medium-col-first\"  >\n\t\t\t\t<div class=\"col-inner\"  >\n\t\t\t\n\t\t\t\n\n\n  <div class=\"banner has-hover\" id=\"banner-869083674\">\n          <div class=\"banner-inner fill\">\n        <div class=\"banner-bg fill\" >\n            <img loading=\"lazy\" decoding=\"async\" width=\"1360\" height=\"1020\" src=\"https:\/\/lacabanyeta.com\/wp-content\/uploads\/2025\/04\/2024-12-28-1.webp\" class=\"bg attachment-original size-original\" alt=\"\" \/>                                    \n                    <\/div>\n\t\t\n        <div class=\"banner-layers container\">\n            <div class=\"fill banner-link\"><\/div>            \n\n   <div id=\"text-box-1352232008\" class=\"text-box banner-layer x50 md-x50 lg-x50 y50 md-y50 lg-y50 res-text\">\n                                <div class=\"text-box-content text dark\">\n              \n              <div class=\"text-inner text-center\">\n                  \n\n\n              <\/div>\n           <\/div>\n                            \n<style>\n#text-box-1352232008 {\n  width: 60%;\n}\n#text-box-1352232008 .text-box-content {\n  font-size: 100%;\n}\n@media (min-width:550px) {\n  #text-box-1352232008 {\n    width: 60%;\n  }\n}\n<\/style>\n    <\/div>\n \n\n        <\/div>\n      <\/div>\n\n            \n<style>\n#banner-869083674 {\n  padding-top: 400px;\n  background-color: rgb(255, 255, 255);\n}\n#banner-869083674 .banner-bg img {\n  object-position: 78% 33%;\n}\n@media (min-width:550px) {\n  #banner-869083674 {\n    padding-top: 600px;\n  }\n}\n@media (min-width:850px) {\n  #banner-869083674 {\n    padding-top: 750px;\n  }\n}\n<\/style>\n  <\/div>\n\n\n\n\t\t<\/div>\n\t\t\t\t\n<style>\n#col-1953427949 > .col-inner {\n  padding: 0px 0px 30px 0px;\n  margin: -70px 0px 0px 0px;\n}\n@media (min-width:850px) {\n  #col-1953427949 > .col-inner {\n    margin: -260px 0px 0px 0px;\n  }\n}\n<\/style>\n\t<\/div>\n\n\t\n\n<\/div>\n\n\t\t<\/div>\n\t\t\t\t\t<\/div>\n\n\t\n\n<\/div>\n\n\t\t<\/div>\n\n\t\t\n<style>\n#section_854232837 {\n  padding-top: 30px;\n  padding-bottom: 30px;\n}\n<\/style>\n\t<\/section>\n\t\n\n\t<section class=\"section\" id=\"section_2042959709\">\n\t\t<div class=\"section-bg fill\" >\n\t\t\t\t\t\t\t\t\t\n\t\t\t\n\n\t\t<\/div>\n\n\t\t\n\n\t\t<div class=\"section-content relative\">\n\t\t\t\n\n<div class=\"row\" style=\"max-width:1200px\" id=\"row-671017712\">\n\n\n\t<div id=\"col-867898422\" class=\"col medium-11 small-12 large-9\"  >\n\t\t\t\t<div class=\"col-inner\"  >\n\t\t\t\n\t\t\t\n\n\t<div id=\"gap-1546922035\" class=\"gap-element clearfix\" style=\"display:block; height:auto;\">\n\t\t\n<style>\n#gap-1546922035 {\n  padding-top: 30px;\n}\n<\/style>\n\t<\/div>\n\t\n\n\n  <div class=\"banner has-hover\" id=\"banner-2050311135\">\n          <div class=\"banner-inner fill\">\n        <div class=\"banner-bg fill\" >\n            <img loading=\"lazy\" decoding=\"async\" width=\"2560\" height=\"1829\" src=\"https:\/\/lacabanyeta.com\/wp-content\/uploads\/2025\/10\/IMG_3068-1-scaled.jpeg\" class=\"bg attachment-original size-original\" alt=\"\" \/>                                    \n                    <\/div>\n\t\t\n        <div class=\"banner-layers container\">\n            <div class=\"fill banner-link\"><\/div>            \n\n   <div id=\"text-box-882543834\" class=\"text-box banner-layer x50 md-x50 lg-x50 y50 md-y50 lg-y50 res-text\">\n                                <div class=\"text-box-content text dark\">\n              \n              <div class=\"text-inner text-center\">\n                  \n\n\n              <\/div>\n           <\/div>\n                            \n<style>\n#text-box-882543834 {\n  width: 60%;\n}\n#text-box-882543834 .text-box-content {\n  font-size: 100%;\n}\n@media (min-width:550px) {\n  #text-box-882543834 {\n    width: 60%;\n  }\n}\n<\/style>\n    <\/div>\n \n\n        <\/div>\n      <\/div>\n\n            \n<style>\n#banner-2050311135 {\n  padding-top: 300px;\n  background-color: rgb(249, 245, 229);\n}\n#banner-2050311135 .banner-bg img {\n  object-position: 34% 44%;\n}\n@media (min-width:550px) {\n  #banner-2050311135 {\n    padding-top: 500px;\n  }\n}\n<\/style>\n  <\/div>\n\n\n\n\t\t<\/div>\n\t\t\t\t\t<\/div>\n\n\t\n\n<\/div>\n<div class=\"row align-right\" style=\"max-width:1200px\" id=\"row-1799144841\">\n\n\n\t<div id=\"col-1723690045\" class=\"col medium-8 small-12 large-6\"  >\n\t\t\t\t<div class=\"col-inner\" style=\"background-color:rgb(255, 255, 255);\" >\n\t\t\t\n\t\t\t\n\n\t<div id=\"text-2018864918\" class=\"text\">\n\t\t\n\n<h2>Nuestra historia<\/h2>\n\t\t\n<style>\n#text-2018864918 {\n  font-size: 1.5rem;\n}\n<\/style>\n\t<\/div>\n\t\n<p class=\"p1\">Detr\u00e1s del proyecto estamos Raly y Lati. Tras a\u00f1os en el mundo profesional, decidimos crear algo propio en Barcelona: un espacio donde compartir nuestra sensibilidad por el buen producto, el detalle y la experiencia.<\/p>\n\n\t\t<\/div>\n\t\t\t\t\n<style>\n#col-1723690045 > .col-inner {\n  padding: 10% 10% 10% 10%;\n  margin: -42px -42px 0px 0px;\n}\n@media (min-width:550px) {\n  #col-1723690045 > .col-inner {\n    margin: -317px -42px 0px 0px;\n  }\n}\n<\/style>\n\t<\/div>\n\n\t\n\n<\/div>\n\n\t\t<\/div>\n\n\t\t\n<style>\n#section_2042959709 {\n  padding-top: 40px;\n  padding-bottom: 40px;\n  background-color: rgb(59, 42, 30);\n}\n@media (min-width:550px) {\n  #section_2042959709 {\n    padding-top: 80px;\n    padding-bottom: 80px;\n  }\n}\n@media (min-width:850px) {\n  #section_2042959709 {\n    padding-top: 100px;\n    padding-bottom: 100px;\n  }\n}\n<\/style>\n\t<\/section>\n\t\n\n\t<section class=\"section\" id=\"section_1231570158\">\n\t\t<div class=\"section-bg fill\" >\n\t\t\t\t\t\t\t\t\t\n\t\t\t\n\n\t\t<\/div>\n\n\t\t\n\n\t\t<div class=\"section-content relative\">\n\t\t\t\n\n\t<div id=\"gap-1136784611\" class=\"gap-element clearfix\" style=\"display:block; height:auto;\">\n\t\t\n<style>\n#gap-1136784611 {\n  padding-top: 30px;\n}\n<\/style>\n\t<\/div>\n\t\n\n<div class=\"row\" style=\"max-width:1200px\" id=\"row-986507490\">\n\n\n\t<div id=\"col-113549492\" class=\"col medium-6 small-12 large-6\"  >\n\t\t\t\t<div class=\"col-inner\"  >\n\t\t\t\n\t\t\t\n\n\n  <div class=\"banner has-hover\" id=\"banner-835478757\">\n          <div class=\"banner-inner fill\">\n        <div class=\"banner-bg fill\" >\n            <img loading=\"lazy\" decoding=\"async\" width=\"768\" height=\"1024\" src=\"https:\/\/lacabanyeta.com\/wp-content\/uploads\/2025\/10\/IMG_3068-768x1024.jpeg\" class=\"bg attachment-large size-large\" alt=\"\" \/>                                    \n                    <\/div>\n\t\t\n        <div class=\"banner-layers container\">\n            <div class=\"fill banner-link\"><\/div>            \n\n   <div id=\"text-box-1845431950\" class=\"text-box banner-layer x50 md-x50 lg-x50 y50 md-y50 lg-y50 res-text\">\n                                <div class=\"text-box-content text dark\">\n              \n              <div class=\"text-inner text-center\">\n                  \n\n\n              <\/div>\n           <\/div>\n                            \n<style>\n#text-box-1845431950 {\n  width: 60%;\n}\n#text-box-1845431950 .text-box-content {\n  font-size: 100%;\n}\n@media (min-width:550px) {\n  #text-box-1845431950 {\n    width: 60%;\n  }\n}\n<\/style>\n    <\/div>\n \n\n        <\/div>\n      <\/div>\n\n            \n<style>\n#banner-835478757 {\n  padding-top: 400px;\n  background-color: rgb(255, 255, 255);\n}\n#banner-835478757 .banner-bg img {\n  object-position: 42% 11%;\n}\n@media (min-width:550px) {\n  #banner-835478757 {\n    padding-top: 600px;\n  }\n}\n<\/style>\n  <\/div>\n\n\n\t<div id=\"gap-804268960\" class=\"gap-element clearfix\" style=\"display:block; height:auto;\">\n\t\t\n<style>\n#gap-804268960 {\n  padding-top: 30px;\n}\n@media (min-width:550px) {\n  #gap-804268960 {\n    padding-top: 70px;\n  }\n}\n<\/style>\n\t<\/div>\n\t\n\n\t<div id=\"text-687296970\" class=\"text\">\n\t\t\n\n<h2>M\u00e1s que una cesta, una experiencia<\/h2>\n\t\t\n<style>\n#text-687296970 {\n  font-size: 1.5rem;\n}\n<\/style>\n\t<\/div>\n\t\n<p class=\"p1\">No vendemos productos sueltos, sino combinaciones pensadas para regalar y disfrutar. Cada cesta est\u00e1 dise\u00f1ada como una experiencia completa, cuidando sabores, presentaci\u00f3n y sentido.<\/p>\n\n\t\t<\/div>\n\t\t\t\t\n<style>\n#col-113549492 > .col-inner {\n  padding: 0px 0px 0px 1px;\n}\n@media (min-width:850px) {\n  #col-113549492 > .col-inner {\n    padding: 50px 50px 50px 0px;\n  }\n}\n<\/style>\n\t<\/div>\n\n\t\n\n\t<div id=\"col-1633207725\" class=\"col medium-6 small-12 large-6\"  >\n\t\t\t\t<div class=\"col-inner\"  >\n\t\t\t\n\t\t\t\n\n\t<div id=\"text-1466547791\" class=\"text\">\n\t\t\n\n<h2>C\u00f3mo seleccionamos nuestros productos<\/h2>\n\t\t\n<style>\n#text-1466547791 {\n  font-size: 1.5rem;\n}\n<\/style>\n\t<\/div>\n\t\n<p class=\"p1\">Elegimos cada producto de forma consciente, priorizando proximidad, calidad y autenticidad. Trabajamos directamente con productores y cuidamos cada detalle para ofrecer una experiencia coherente y equilibrada.<\/p>\n\t<div id=\"gap-2061282997\" class=\"gap-element clearfix\" style=\"display:block; height:auto;\">\n\t\t\n<style>\n#gap-2061282997 {\n  padding-top: 30px;\n}\n@media (min-width:550px) {\n  #gap-2061282997 {\n    padding-top: 50px;\n  }\n}\n<\/style>\n\t<\/div>\n\t\n\n\n  <div class=\"banner has-hover\" id=\"banner-489706927\">\n          <div class=\"banner-inner fill\">\n        <div class=\"banner-bg fill\" >\n            <img loading=\"lazy\" decoding=\"async\" width=\"768\" height=\"1024\" src=\"https:\/\/lacabanyeta.com\/wp-content\/uploads\/2025\/10\/IMG_3091-768x1024.jpeg\" class=\"bg attachment-large size-large\" alt=\"\" \/>                                    \n                    <\/div>\n\t\t\n        <div class=\"banner-layers container\">\n            <div class=\"fill banner-link\"><\/div>            \n\n   <div id=\"text-box-466325947\" class=\"text-box banner-layer x50 md-x50 lg-x50 y50 md-y50 lg-y50 res-text\">\n                                <div class=\"text-box-content text dark\">\n              \n              <div class=\"text-inner text-center\">\n                  \n\n\n              <\/div>\n           <\/div>\n                            \n<style>\n#text-box-466325947 {\n  width: 60%;\n}\n#text-box-466325947 .text-box-content {\n  font-size: 100%;\n}\n@media (min-width:550px) {\n  #text-box-466325947 {\n    width: 60%;\n  }\n}\n<\/style>\n    <\/div>\n \n\n        <\/div>\n      <\/div>\n\n            \n<style>\n#banner-489706927 {\n  padding-top: 400px;\n  background-color: rgb(255, 255, 255);\n}\n#banner-489706927 .banner-bg img {\n  object-position: 47% 26%;\n}\n@media (min-width:550px) {\n  #banner-489706927 {\n    padding-top: 600px;\n  }\n}\n<\/style>\n  <\/div>\n\n\n\n\t\t<\/div>\n\t\t\t\t\n<style>\n#col-1633207725 > .col-inner {\n  padding: 0px 0px 0px 0;\n}\n@media (min-width:550px) {\n  #col-1633207725 > .col-inner {\n    padding: 50px 0px 0px 20px;\n  }\n}\n@media (min-width:850px) {\n  #col-1633207725 > .col-inner {\n    padding: 50px 0px 0px 50px;\n  }\n}\n<\/style>\n\t<\/div>\n\n\t\n\n<\/div>\n\n\t\t<\/div>\n\n\t\t\n<style>\n#section_1231570158 {\n  padding-top: 70px;\n  padding-bottom: 70px;\n}\n<\/style>\n\t<\/section>\n\t\n\n\t<section class=\"section\" id=\"section_806078009\">\n\t\t<div class=\"section-bg fill\" >\n\t\t\t\t\t\t\t\t\t\n\t\t\t\n\n\t\t<\/div>\n\n\t\t\n\n\t\t<div class=\"section-content relative\">\n\t\t\t\n\n<div class=\"row align-center\" style=\"max-width:1200px\" id=\"row-1587541084\">\n\n\n\t<div id=\"col-1807415758\" class=\"col medium-7 small-12 large-6\"  >\n\t\t\t\t<div class=\"col-inner text-center\"  >\n\t\t\t\n\t\t\t\n\n\t<div id=\"gap-1959068686\" class=\"gap-element clearfix\" style=\"display:block; height:auto;\">\n\t\t\n<style>\n#gap-1959068686 {\n  padding-top: 50px;\n}\n@media (min-width:550px) {\n  #gap-1959068686 {\n    padding-top: 60px;\n  }\n}\n@media (min-width:850px) {\n  #gap-1959068686 {\n    padding-top: 70px;\n  }\n}\n<\/style>\n\t<\/div>\n\t\n\n\t<div id=\"text-3835564309\" class=\"text\">\n\t\t\n\n<h2>Descubre La Cabanyeta<\/h2>\n\t\t\n<style>\n#text-3835564309 {\n  font-size: 1.5rem;\n  text-align: center;\n  color: rgb(255,255,255);\n}\n#text-3835564309 > * {\n  color: rgb(255,255,255);\n}\n<\/style>\n\t<\/div>\n\t\n\t<div id=\"text-257709371\" class=\"text\">\n\t\t\n\n<p class=\"p1\">Queremos acercarte una forma m\u00e1s humana y consciente de consumir y regalar.<\/p>\n\t\t\n<style>\n#text-257709371 {\n  text-align: center;\n  color: rgb(255,255,255);\n}\n#text-257709371 > * {\n  color: rgb(255,255,255);\n}\n<\/style>\n\t<\/div>\n\t\n<a href=\"https:\/\/lacabanyeta.com\/ca\/tienda\/\" class=\"button white is-link\"  >\n\t\t<span>Descubrir nuestras cestas<\/span>\n\t<i class=\"icon-angle-right\" aria-hidden=\"true\" ><\/i><\/a>\n\n\n\n\t\t<\/div>\n\t\t\t\t\t<\/div>\n\n\t\n\n<\/div>\n\n\t\t<\/div>\n\n\t\t\n<style>\n#section_806078009 {\n  padding-top: 60px;\n  padding-bottom: 60px;\n  background-color: rgb(59, 42, 30);\n}\n@media (min-width:550px) {\n  #section_806078009 {\n    padding-top: 70px;\n    padding-bottom: 70px;\n  }\n}\n<\/style>\n\t<\/section>","protected":false},"excerpt":{"rendered":"","protected":false},"author":1,"featured_media":0,"parent":0,"menu_order":0,"comment_status":"closed","ping_status":"closed","template":"page-blank.php","meta":{"footnotes":""},"class_list":["post-3888","page","type-page","status-publish","hentry"],"_links":{"self":[{"href":"https:\/\/lacabanyeta.com\/ca\/wp-json\/wp\/v2\/pages\/3888","targetHints":{"allow":["GET"]}}],"collection":[{"href":"https:\/\/lacabanyeta.com\/ca\/wp-json\/wp\/v2\/pages"}],"about":[{"href":"https:\/\/lacabanyeta.com\/ca\/wp-json\/wp\/v2\/types\/page"}],"author":[{"embeddable":true,"href":"https:\/\/lacabanyeta.com\/ca\/wp-json\/wp\/v2\/users\/1"}],"replies":[{"embeddable":true,"href":"https:\/\/lacabanyeta.com\/ca\/wp-json\/wp\/v2\/comments?post=3888"}],"version-history":[{"count":9,"href":"https:\/\/lacabanyeta.com\/ca\/wp-json\/wp\/v2\/pages\/3888\/revisions"}],"predecessor-version":[{"id":5680,"href":"https:\/\/lacabanyeta.com\/ca\/wp-json\/wp\/v2\/pages\/3888\/revisions\/5680"}],"wp:attachment":[{"href":"https:\/\/lacabanyeta.com\/ca\/wp-json\/wp\/v2\/media?parent=3888"}],"curies":[{"name":"wp","href":"https:\/\/api.w.org\/{rel}","templated":true}]}}