{"id":5632,"date":"2026-02-28T17:15:23","date_gmt":"2026-02-28T17:15:23","guid":{"rendered":"https:\/\/lacabanyeta.com\/?post_type=product&#038;p=5632"},"modified":"2026-02-28T22:13:15","modified_gmt":"2026-02-28T22:13:15","slug":"origen-iberico","status":"publish","type":"product","link":"https:\/\/lacabanyeta.com\/ca\/producte\/origen-iberico\/","title":{"rendered":"ORIGEN IB\u00c9RICO"},"content":{"rendered":"<p><span style=\"font-size: 120%;\">Cesta gourmet de ib\u00e9ricos selectos<\/span><\/p>\n<p><b>Descripci\u00f3n<\/b><\/p>\n<p>En el campo, donde todo nace, encontramos el sello ib\u00e9rico.<\/p>\n<p>Esta cesta re\u00fane jam\u00f3n ib\u00e9rico de bellota, lomo ib\u00e9rico y longaniza artesanal, seleccionados por su curaci\u00f3n y car\u00e1cter. Los acompa\u00f1a un vino tinto D.O. Montsant, intenso y equilibrado, que respeta y realza cada matiz.<\/p>\n<p>Con pan tostado y aceite de oliva descubrir\u00e1s que, cuando el producto es bueno, no hace falta nada m\u00e1s para disfrutar de una verdadera experiencia sensorial.<\/p>\n<p>Un maridaje para regalar, celebrar ocasiones especiales o transformar cualquier encuentro en un espacio gourmet.<\/p>\n<p><b>Qu\u00e9 contiene<\/b><\/p>\n<ul>\n<li>Vino tinto D.O. Montsant<\/li>\n<li>Jam\u00f3n ib\u00e9rico de bellota de La Rosa Ib\u00e9rica 100g.<\/li>\n<li>Lomo ib\u00e9rico de La Rosa Ib\u00e9rica 100g.<\/li>\n<li>Longaniza artesanal de Collfred 300g aprox.<\/li>\n<li>Pan artesanal<\/li>\n<li>Aceite de oliva 100ml<b><span class=\"Apple-converted-space\">\u00a0<\/span><\/b><\/li>\n<\/ul>\n<p><b>Maridaje<\/b><\/p>\n<p>1\ufe0f\u20e3 Abre el vino y deja que respire unos minutos antes de servir.<br \/>\n2\ufe0f\u20e3 Empieza con el lomo ib\u00e9rico.<br \/>\n3\ufe0f\u20e3 Contin\u00faa con la longaniza.<br \/>\n4\ufe0f\u20e3 Termina con el jam\u00f3n de bellota, el m\u00e1s elegante y persistente.<\/p>\n<p>Acompa\u00f1a con pan y aceite para equilibrar y limpiar el paladar entre sabores.<\/p>\n<p>Despu\u00e9s, combina a tu gusto y disfruta sin prisas.<\/p>","protected":false},"excerpt":{"rendered":"<p>En el campo, donde todo nace, encontramos el sello ib\u00e9rico. Esta cesta re\u00fane jam\u00f3n ib\u00e9rico de bellota, lomo ib\u00e9rico y longaniza artesanal, seleccionados por su curaci\u00f3n y car\u00e1cter. Los acompa\u00f1a un vino tinto D.O. Montsant, intenso y equilibrado, que respeta y realza cada matiz.<\/p>\n<details style=\"border-radius: 4px; overflow: hidden; margin-bottom: 20px; max-width: 380px;\" open=\"\">\n<summary style=\"background: #b58043; color: #fff; font-weight: 600; font-size: 15px; list-style: none; display: flex; justify-content: space-between; align-items: center; padding: 6px 16px; cursor: pointer; width: 100%;\">Qu\u00e9 contiene <span style=\"margin-left: auto;\">+<\/span><\/summary>\n<div style=\"margin-top: 12px; font-size: 14px; line-height: 1.7; color: #333; padding: 0 4px 8px;\">Esta cesta contiene:<br \/>\n&#8211; Vino tinto D.O. Montsant<br \/>\n&#8211; Jam\u00f3n ib\u00e9rico de bellota de La Rosa Ib\u00e9rica 100g<br \/>\n&#8211; Lomo ib\u00e9rico de La Rosa Ib\u00e9rica 100g<br \/>\n&#8211; Longaniza artesanal de Collfred 300g aprox.<br \/>\n&#8211; Pan artesanal<br \/>\n&#8211; Aceite de oliva 100ml<\/div>\n<\/details>\n<details style=\"border-radius: 4px; overflow: hidden; margin-bottom: 25px; max-width: 380px;\">\n<summary style=\"background: #b58043; color: #fff; font-weight: 600; font-size: 15px; list-style: none; display: flex; justify-content: space-between; align-items: center; padding: 6px 16px; cursor: pointer; width: 100%;\">Maridalo as\u00ed <span style=\"margin-left: auto;\">+<\/span><\/summary>\n<div style=\"margin-top: 12px; font-size: 14px; line-height: 1.7; color: #333; padding: 0 4px 8px;\">1\ufe0f\u20e3 Abre el vino y deja que respire unos minutos antes de servir.<br \/>\n2\ufe0f\u20e3 Empieza con el lomo ib\u00e9rico.<br \/>\n3\ufe0f\u20e3 Contin\u00faa con la longaniza.<br \/>\n4\ufe0f\u20e3 Termina con el jam\u00f3n de bellota, el m\u00e1s elegante y persistente.<\/p>\n<p>Acompa\u00f1a con pan y aceite para equilibrar y limpiar el paladar entre sabores.<\/p><\/div>\n<\/details>","protected":false},"featured_media":5633,"comment_status":"open","ping_status":"closed","template":"","meta":[],"product_brand":[],"product_cat":[31],"product_tag":[],"class_list":{"0":"post-5632","1":"product","2":"type-product","3":"status-publish","4":"has-post-thumbnail","6":"product_cat-cestas","8":"first","9":"instock","10":"shipping-taxable","11":"purchasable","12":"product-type-simple"},"_links":{"self":[{"href":"https:\/\/lacabanyeta.com\/ca\/wp-json\/wp\/v2\/product\/5632","targetHints":{"allow":["GET"]}}],"collection":[{"href":"https:\/\/lacabanyeta.com\/ca\/wp-json\/wp\/v2\/product"}],"about":[{"href":"https:\/\/lacabanyeta.com\/ca\/wp-json\/wp\/v2\/types\/product"}],"replies":[{"embeddable":true,"href":"https:\/\/lacabanyeta.com\/ca\/wp-json\/wp\/v2\/comments?post=5632"}],"wp:featuredmedia":[{"embeddable":true,"href":"https:\/\/lacabanyeta.com\/ca\/wp-json\/wp\/v2\/media\/5633"}],"wp:attachment":[{"href":"https:\/\/lacabanyeta.com\/ca\/wp-json\/wp\/v2\/media?parent=5632"}],"wp:term":[{"taxonomy":"product_brand","embeddable":true,"href":"https:\/\/lacabanyeta.com\/ca\/wp-json\/wp\/v2\/product_brand?post=5632"},{"taxonomy":"product_cat","embeddable":true,"href":"https:\/\/lacabanyeta.com\/ca\/wp-json\/wp\/v2\/product_cat?post=5632"},{"taxonomy":"product_tag","embeddable":true,"href":"https:\/\/lacabanyeta.com\/ca\/wp-json\/wp\/v2\/product_tag?post=5632"}],"curies":[{"name":"wp","href":"https:\/\/api.w.org\/{rel}","templated":true}]}}