{"id":5635,"date":"2026-02-28T17:20:24","date_gmt":"2026-02-28T17:20:24","guid":{"rendered":"https:\/\/lacabanyeta.com\/?post_type=product&#038;p=5635"},"modified":"2026-02-28T22:14:35","modified_gmt":"2026-02-28T22:14:35","slug":"cena-para-dos-3","status":"publish","type":"product","link":"https:\/\/lacabanyeta.com\/ca\/producte\/cena-para-dos-3\/","title":{"rendered":"CENA PARA DOS"},"content":{"rendered":"<p><span style=\"font-size: 120%;\">Cesta gourmet para una cena especial<\/span><\/p>\n<p><b>Descripci\u00f3n<\/b><\/p>\n<p>\u00bfY si la cena ya estuviera resuelta? Te proponemos esta cesta para una cena de Estrella Michellin.<\/p>\n<p>Re\u00fane una selecci\u00f3n variada de productos, pensada para compartir. Contiene: jam\u00f3n ib\u00e9rico de bellota, fuet artesanal de Vic, queso de cabra de leche cruda y foie micuit al Pedro Xim\u00e9nez, combinados con mermelada de manzana, pan artesanal y vino tinto Ribera del Duero.<\/p>\n<p>El broche final lo pone el chocolate, para cerrar la velada con un toque dulce.<\/p>\n<p>Una experiencia creada para disfrutar sin prisas.<\/p>\n<p><b>Qu\u00e9 contiene<\/b><\/p>\n<ul>\n<li>Vino tinto Ribera del Duero<\/li>\n<li>Jam\u00f3n ib\u00e9rico de bellota de La Rosa Ib\u00e9rica 100 g.<\/li>\n<li>Fuet artesanal de Collfred 150g aprox<\/li>\n<li>Queso Bunch Le Bolut artesanal, de leche cruda de cabra, de pasta suave 100 g<\/li>\n<li>Mermelada de manzana artesanal 100 g.<\/li>\n<li>Foie Micuit gourmet al Pedro Xim\u00e9nez 100g.<\/li>\n<li>Pan artesanal<\/li>\n<li>Chocolate<\/li>\n<\/ul>\n<p><b>Maridaje<\/b><\/p>\n<p>1\ufe0f\u20e3 Abre el vino y s\u00edrvelo antes de empezar, para que respire.<br \/>\n2\ufe0f\u20e3 Empieza con el jam\u00f3n y el fuet, acompa\u00f1ados de pan.<br \/>\n3\ufe0f\u20e3 Contin\u00faa con el queso y combina, si te apetece, con un toque de mermelada.<br \/>\n4\ufe0f\u20e3 Reserva el foie para el momento m\u00e1s pausado de la cena; su suavidad y el Pedro Xim\u00e9nez brillan especialmente con una copa de vino.<br \/>\n5\ufe0f\u20e3 Termina con el chocolate y la \u00faltima copa.<\/p>\n<p>Despu\u00e9s, mezcla sabores a tu gusto y crea vuestra propia combinaci\u00f3n.<\/p>","protected":false},"excerpt":{"rendered":"<p>\u00bfY si la cena ya estuviera resuelta? Una selecci\u00f3n variada de productos pensada para compartir: jam\u00f3n ib\u00e9rico de bellota, fuet artesanal, queso de cabra de leche cruda y foie micuit al Pedro Xim\u00e9nez, combinados con mermelada de manzana, pan artesanal y vino tinto Ribera del Duero.<\/p>\n<details style=\"border-radius: 4px; overflow: hidden; margin-bottom: 20px; max-width: 380px;\" open=\"\">\n<summary style=\"background: #b58043; color: #fff; font-weight: 600; font-size: 15px; list-style: none; display: flex; justify-content: space-between; align-items: center; padding: 6px 16px; cursor: pointer; width: 100%;\">Qu\u00e9 contiene <span style=\"margin-left: auto;\">+<\/span><\/summary>\n<div style=\"margin-top: 12px; font-size: 14px; line-height: 1.7; color: #333; padding: 0 4px 8px;\">Esta cesta contiene:<br \/>\n&#8211; Vino tinto Ribera del Duero<br \/>\n&#8211; Jam\u00f3n ib\u00e9rico de bellota de La Rosa Ib\u00e9rica 100g<br \/>\n&#8211; Fuet artesanal de Collfred 150g aprox.<br \/>\n&#8211; Queso Bunch Le Bolut artesanal, leche cruda de cabra, pasta suave 100g<br \/>\n&#8211; Mermelada de manzana artesanal 100g<br \/>\n&#8211; Foie Micuit gourmet al Pedro Xim\u00e9nez 100g<br \/>\n&#8211; Pan artesanal<br \/>\n&#8211; Chocolate<\/div>\n<\/details>\n<details style=\"border-radius: 4px; overflow: hidden; margin-bottom: 25px; max-width: 380px;\">\n<summary style=\"background: #b58043; color: #fff; font-weight: 600; font-size: 15px; list-style: none; display: flex; justify-content: space-between; align-items: center; padding: 6px 16px; cursor: pointer; width: 100%;\">Maridalo as\u00ed <span style=\"margin-left: auto;\">+<\/span><\/summary>\n<div style=\"margin-top: 12px; font-size: 14px; line-height: 1.7; color: #333; padding: 0 4px 8px;\">1\ufe0f\u20e3 Abre el vino y s\u00edrvelo antes de empezar, para que respire.<br \/>\n2\ufe0f\u20e3 Empieza con el jam\u00f3n y el fuet, acompa\u00f1ados de pan.<br \/>\n3\ufe0f\u20e3 Contin\u00faa con el queso y combina con un toque de mermelada.<br \/>\n4\ufe0f\u20e3 Reserva el foie para el momento m\u00e1s pausado; su suavidad y el Pedro Xim\u00e9nez brillan con una copa de vino.<br \/>\n5\ufe0f\u20e3 Termina con el chocolate y la \u00faltima copa.<\/div>\n<\/details>","protected":false},"featured_media":5636,"comment_status":"open","ping_status":"closed","template":"","meta":[],"product_brand":[],"product_cat":[31],"product_tag":[],"class_list":{"0":"post-5635","1":"product","2":"type-product","3":"status-publish","4":"has-post-thumbnail","6":"product_cat-cestas","8":"first","9":"instock","10":"shipping-taxable","11":"purchasable","12":"product-type-simple"},"_links":{"self":[{"href":"https:\/\/lacabanyeta.com\/ca\/wp-json\/wp\/v2\/product\/5635","targetHints":{"allow":["GET"]}}],"collection":[{"href":"https:\/\/lacabanyeta.com\/ca\/wp-json\/wp\/v2\/product"}],"about":[{"href":"https:\/\/lacabanyeta.com\/ca\/wp-json\/wp\/v2\/types\/product"}],"replies":[{"embeddable":true,"href":"https:\/\/lacabanyeta.com\/ca\/wp-json\/wp\/v2\/comments?post=5635"}],"wp:featuredmedia":[{"embeddable":true,"href":"https:\/\/lacabanyeta.com\/ca\/wp-json\/wp\/v2\/media\/5636"}],"wp:attachment":[{"href":"https:\/\/lacabanyeta.com\/ca\/wp-json\/wp\/v2\/media?parent=5635"}],"wp:term":[{"taxonomy":"product_brand","embeddable":true,"href":"https:\/\/lacabanyeta.com\/ca\/wp-json\/wp\/v2\/product_brand?post=5635"},{"taxonomy":"product_cat","embeddable":true,"href":"https:\/\/lacabanyeta.com\/ca\/wp-json\/wp\/v2\/product_cat?post=5635"},{"taxonomy":"product_tag","embeddable":true,"href":"https:\/\/lacabanyeta.com\/ca\/wp-json\/wp\/v2\/product_tag?post=5635"}],"curies":[{"name":"wp","href":"https:\/\/api.w.org\/{rel}","templated":true}]}}