{"id":5639,"date":"2026-02-28T17:27:09","date_gmt":"2026-02-28T17:27:09","guid":{"rendered":"https:\/\/lacabanyeta.com\/?post_type=product&#038;p=5639"},"modified":"2026-02-28T22:15:08","modified_gmt":"2026-02-28T22:15:08","slug":"para-untar-y-compartir","status":"publish","type":"product","link":"https:\/\/lacabanyeta.com\/ca\/producte\/para-untar-y-compartir\/","title":{"rendered":"PARA UNTAR Y COMPARTIR"},"content":{"rendered":"<p><span style=\"font-size: 120%;\">Cesta gourmet de pat\u00e9s artesanos<\/span><\/p>\n<p><b>Descripci\u00f3n<\/b><\/p>\n<p>Una propuesta para abrir, untar y disfrutar con calma.<\/p>\n<p>El vino blanco Godello, fresco y arom\u00e1tico, riega esta curada selecci\u00f3n de pat\u00e9s artesanos de sabores variados que se re\u00fanen en la cesta. Pat\u00e9 de ceps, berenjena, olivada y un sorprendente pat\u00e9 de rulo de cabra que aporta un elegante toque l\u00e1cteo.<span class=\"Apple-converted-space\">\u00a0<\/span><\/p>\n<p>Disfrutar\u00e1s de texturas cremosas de matices mediterr\u00e1neos con las que untar las tostadas de pan, combinar y jugar.<span class=\"Apple-converted-space\">\u00a0<\/span><\/p>\n<p>Ideal para aperitivos, encuentros informales o como regalo gourmet para sorprender con sencillez, calidad y mucho sabor.<\/p>\n<p><b>Qu\u00e9 contiene<\/b><\/p>\n<ul>\n<li>Vino blanco Godello<\/li>\n<li>Pat\u00e9 ib\u00e9rico con ceps del Valle de Ar\u00e1n 200 g<\/li>\n<li>Pat\u00e9 de berenjena natural de Mos de Tros 180 g<\/li>\n<li>Pat\u00e9 de crema rulo de cabra con escamas de pimiento<\/li>\n<li>Pat\u00e9 de olivada artesanal<\/li>\n<li>Tostadas de pan crujiente<\/li>\n<li>Caja de cart\u00f3n con sello de cera La Cabanyeta<span class=\"Apple-converted-space\">\u00a0<\/span><\/li>\n<li>Tarjet\u00f3n con informaci\u00f3n sobre producto<\/li>\n<\/ul>\n<p><b>Maridaje<\/b><\/p>\n<p>1\ufe0f\u20e3 Sirve el vino bien fr\u00edo antes de empezar.<br \/>\n2\ufe0f\u20e3 Comienza por el pat\u00e9 m\u00e1s suave, el de berenjena.<br \/>\n3\ufe0f\u20e3 Contin\u00faa con el de rulo de cabra.<br \/>\n4\ufe0f\u20e3 Despu\u00e9s prueba el de ceps, m\u00e1s intenso y profundo.<br \/>\n5\ufe0f\u20e3 Termina con la olivada, de car\u00e1cter mediterr\u00e1neo y persistente.<\/p>\n<p>Acompa\u00f1a con las tostadas para hacer crujir los pat\u00e9s.<span class=\"Apple-converted-space\">\u00a0<\/span><\/p>\n<p>Alterna con el vino para equilibrar cada bocado.<\/p>\n<p>Despu\u00e9s, mezcla sabores y descubre tus propias combinaciones.<\/p>","protected":false},"excerpt":{"rendered":"<p>Una propuesta para abrir, untar y disfrutar con calma. El vino blanco Godello, fresco y arom\u00e1tico, acompa\u00f1a una curada selecci\u00f3n de pat\u00e9s artesanos de sabores variados: ceps, berenjena, olivada y un sorprendente pat\u00e9 de rulo de cabra.<\/p>\n<details style=\"border-radius: 4px; overflow: hidden; margin-bottom: 20px; max-width: 380px;\" open=\"\">\n<summary style=\"background: #b58043; color: #fff; font-weight: 600; font-size: 15px; list-style: none; display: flex; justify-content: space-between; align-items: center; padding: 6px 16px; cursor: pointer; width: 100%;\">Qu\u00e9 contiene <span style=\"margin-left: auto;\">+<\/span><\/summary>\n<div style=\"margin-top: 12px; font-size: 14px; line-height: 1.7; color: #333; padding: 0 4px 8px;\">Esta cesta contiene:<br \/>\n&#8211; Vino blanco Godello<br \/>\n&#8211; Pat\u00e9 ib\u00e9rico con ceps del Valle de Ar\u00e1n 200g<br \/>\n&#8211; Pat\u00e9 de berenjena natural de Mos de Tros 180g<br \/>\n&#8211; Pat\u00e9 de crema rulo de cabra con escamas de pimiento<br \/>\n&#8211; Pat\u00e9 de olivada artesanal<br \/>\n&#8211; Tostadas de pan crujiente<br \/>\n&#8211; Caja de cart\u00f3n con sello de cera La Cabanyeta<br \/>\n&#8211; Tarjet\u00f3n con informaci\u00f3n sobre producto<\/div>\n<\/details>\n<details style=\"border-radius: 4px; overflow: hidden; margin-bottom: 25px; max-width: 380px;\">\n<summary style=\"background: #b58043; color: #fff; font-weight: 600; font-size: 15px; list-style: none; display: flex; justify-content: space-between; align-items: center; padding: 6px 16px; cursor: pointer; width: 100%;\">Maridalo as\u00ed <span style=\"margin-left: auto;\">+<\/span><\/summary>\n<div style=\"margin-top: 12px; font-size: 14px; line-height: 1.7; color: #333; padding: 0 4px 8px;\">1\ufe0f\u20e3 Sirve el vino bien fr\u00edo antes de empezar.<br \/>\n2\ufe0f\u20e3 Comienza por el pat\u00e9 m\u00e1s suave, el de berenjena.<br \/>\n3\ufe0f\u20e3 Contin\u00faa con el de rulo de cabra.<br \/>\n4\ufe0f\u20e3 Despu\u00e9s prueba el de ceps, m\u00e1s intenso y profundo.<br \/>\n5\ufe0f\u20e3 Termina con la olivada, de car\u00e1cter mediterr\u00e1neo y persistente.<\/p>\n<p>Acompa\u00f1a con tostadas y alterna con el vino para equilibrar cada bocado.<\/p><\/div>\n<\/details>","protected":false},"featured_media":5641,"comment_status":"open","ping_status":"closed","template":"","meta":[],"product_brand":[],"product_cat":[31],"product_tag":[],"class_list":{"0":"post-5639","1":"product","2":"type-product","3":"status-publish","4":"has-post-thumbnail","6":"product_cat-cestas","8":"first","9":"instock","10":"shipping-taxable","11":"purchasable","12":"product-type-simple"},"_links":{"self":[{"href":"https:\/\/lacabanyeta.com\/ca\/wp-json\/wp\/v2\/product\/5639","targetHints":{"allow":["GET"]}}],"collection":[{"href":"https:\/\/lacabanyeta.com\/ca\/wp-json\/wp\/v2\/product"}],"about":[{"href":"https:\/\/lacabanyeta.com\/ca\/wp-json\/wp\/v2\/types\/product"}],"replies":[{"embeddable":true,"href":"https:\/\/lacabanyeta.com\/ca\/wp-json\/wp\/v2\/comments?post=5639"}],"wp:featuredmedia":[{"embeddable":true,"href":"https:\/\/lacabanyeta.com\/ca\/wp-json\/wp\/v2\/media\/5641"}],"wp:attachment":[{"href":"https:\/\/lacabanyeta.com\/ca\/wp-json\/wp\/v2\/media?parent=5639"}],"wp:term":[{"taxonomy":"product_brand","embeddable":true,"href":"https:\/\/lacabanyeta.com\/ca\/wp-json\/wp\/v2\/product_brand?post=5639"},{"taxonomy":"product_cat","embeddable":true,"href":"https:\/\/lacabanyeta.com\/ca\/wp-json\/wp\/v2\/product_cat?post=5639"},{"taxonomy":"product_tag","embeddable":true,"href":"https:\/\/lacabanyeta.com\/ca\/wp-json\/wp\/v2\/product_tag?post=5639"}],"curies":[{"name":"wp","href":"https:\/\/api.w.org\/{rel}","templated":true}]}}