{"id":5648,"date":"2026-02-28T17:38:31","date_gmt":"2026-02-28T17:38:31","guid":{"rendered":"https:\/\/lacabanyeta.com\/?post_type=product&#038;p=5648"},"modified":"2026-02-28T22:16:11","modified_gmt":"2026-02-28T22:16:11","slug":"felicidades-2","status":"publish","type":"product","link":"https:\/\/lacabanyeta.com\/ca\/producte\/felicidades-2\/","title":{"rendered":"\u00a1FELICIDADES!"},"content":{"rendered":"<p><span style=\"font-size: 120%;\">Cesta gourmet para celebrar<\/span><\/p>\n<p><b>Descripci\u00f3n:<\/b><\/p>\n<p>En la vida hay que celebrar lo bonito. Un cumplea\u00f1os. Una recuperaci\u00f3n. Un nuevo trabajo. Incluso un cambio inesperado. O simplemente, porque s\u00ed.<span class=\"Apple-converted-space\">\u00a0<\/span><\/p>\n<p>Esta cesta nace para eso: para decir \u201cestoy contigo\u201d con sabor y cuidado.<span class=\"Apple-converted-space\">\u00a0<\/span><\/p>\n<p>Abre la celebraci\u00f3n con un cava brut nature fresco y burbujeante. Esta cesta re\u00fane una selecci\u00f3n de productos gourmet para compartir sin prisas: jam\u00f3n ib\u00e9rico de bellota, fuet artesanal, queso de cabra de leche cruda y foie micuit.<\/p>\n<p>El chocolate pone el punto final. Porque toda celebraci\u00f3n merece un cierre dulce.<\/p>\n<p>Es una forma de decir a alguien que lo celebras con un regalo inesperado que podr\u00e1 saborear con calma y con todos los sentidos. \u00a1Chin chin!<\/p>\n<p><b>Qu\u00e9 contiene<\/b><\/p>\n<ul>\n<li>Cava brut nature Fonpinet 75 cl<\/li>\n<\/ul>\n<ul>\n<li>Jam\u00f3n ib\u00e9rico de bellota de La Rosa ib\u00e9rica<br \/>\n100 g.<\/li>\n<li>Queso Bunch de Le Bolut, artesanal, de leche cruda de cabra 100 g.<\/li>\n<li>Fuet artesanal de Collfred 150g aprox<\/li>\n<li>Foie Micuit gourmet 100g.<\/li>\n<li>Chocolate<\/li>\n<li>Caja de cart\u00f3n con sello de cera La Cabanyeta<\/li>\n<\/ul>\n<p><b>Maridaje<\/b><\/p>\n<p>1\ufe0f\u20e3 Enfr\u00eda bien el cava y s\u00edrvelo. Quiz\u00e1 te apetece empezar la velada brindando.<br \/>\n2\ufe0f\u20e3 Comienza con el jam\u00f3n y el fuet, para abrir apetito.<br \/>\n3\ufe0f\u20e3 Contin\u00faa con el queso y comb\u00ednalo, si quieres, con un peque\u00f1o bocado de foie.<br \/>\n4\ufe0f\u20e3 Reserva el foie para un momento m\u00e1s pausado, dejando que contraste con la frescura del cava.<br \/>\n5\ufe0f\u20e3 Termina con el chocolate y el \u00faltimo brindis.<\/p>\n<p>Despu\u00e9s, mezcla sabores y celebra a tu manera.<\/p>","protected":false},"excerpt":{"rendered":"<p>En la vida hay que celebrar lo bonito. Esta cesta nace para decir &#8220;estoy contigo&#8221; con sabor y cuidado. Abre la celebraci\u00f3n con un cava brut nature fresco y burbujeante, acompa\u00f1ado de una selecci\u00f3n de productos gourmet para compartir sin prisas.<\/p>\n<details style=\"border-radius: 4px; overflow: hidden; margin-bottom: 20px; max-width: 380px;\" open=\"\">\n<summary style=\"background: #b58043; color: #fff; font-weight: 600; font-size: 15px; list-style: none; display: flex; justify-content: space-between; align-items: center; padding: 6px 16px; cursor: pointer; width: 100%;\">Qu\u00e9 contiene <span style=\"margin-left: auto;\">+<\/span><\/summary>\n<div style=\"margin-top: 12px; font-size: 14px; line-height: 1.7; color: #333; padding: 0 4px 8px;\">Esta cesta contiene:<br \/>\n&#8211; Cava brut nature Fonpinet 75cl<br \/>\n&#8211; Jam\u00f3n ib\u00e9rico de bellota de La Rosa Ib\u00e9rica 100g<br \/>\n&#8211; Queso Bunch Le Bolut, artesanal, leche cruda de cabra 100g<br \/>\n&#8211; Fuet artesanal de Collfred 150g aprox.<br \/>\n&#8211; Foie Micuit gourmet 100g<br \/>\n&#8211; Chocolate<br \/>\n&#8211; Caja de cart\u00f3n con sello de cera La Cabanyeta<\/div>\n<\/details>\n<details style=\"border-radius: 4px; overflow: hidden; margin-bottom: 25px; max-width: 380px;\">\n<summary style=\"background: #b58043; color: #fff; font-weight: 600; font-size: 15px; list-style: none; display: flex; justify-content: space-between; align-items: center; padding: 6px 16px; cursor: pointer; width: 100%;\">Maridalo as\u00ed <span style=\"margin-left: auto;\">+<\/span><\/summary>\n<div style=\"margin-top: 12px; font-size: 14px; line-height: 1.7; color: #333; padding: 0 4px 8px;\">1\ufe0f\u20e3 Enfr\u00eda bien el cava y s\u00edrvelo. Empieza brindando.<br \/>\n2\ufe0f\u20e3 Comienza con el jam\u00f3n y el fuet para abrir apetito.<br \/>\n3\ufe0f\u20e3 Contin\u00faa con el queso y comb\u00ednalo con un bocado de foie.<br \/>\n4\ufe0f\u20e3 Reserva el foie para un momento m\u00e1s pausado, dejando que contraste con la frescura del cava.<br \/>\n5\ufe0f\u20e3 Termina con el chocolate y el \u00faltimo brindis.<\/div>\n<\/details>","protected":false},"featured_media":5650,"comment_status":"open","ping_status":"closed","template":"","meta":[],"product_brand":[],"product_cat":[31],"product_tag":[],"class_list":{"0":"post-5648","1":"product","2":"type-product","3":"status-publish","4":"has-post-thumbnail","6":"product_cat-cestas","8":"first","9":"instock","10":"shipping-taxable","11":"purchasable","12":"product-type-simple"},"_links":{"self":[{"href":"https:\/\/lacabanyeta.com\/ca\/wp-json\/wp\/v2\/product\/5648","targetHints":{"allow":["GET"]}}],"collection":[{"href":"https:\/\/lacabanyeta.com\/ca\/wp-json\/wp\/v2\/product"}],"about":[{"href":"https:\/\/lacabanyeta.com\/ca\/wp-json\/wp\/v2\/types\/product"}],"replies":[{"embeddable":true,"href":"https:\/\/lacabanyeta.com\/ca\/wp-json\/wp\/v2\/comments?post=5648"}],"wp:featuredmedia":[{"embeddable":true,"href":"https:\/\/lacabanyeta.com\/ca\/wp-json\/wp\/v2\/media\/5650"}],"wp:attachment":[{"href":"https:\/\/lacabanyeta.com\/ca\/wp-json\/wp\/v2\/media?parent=5648"}],"wp:term":[{"taxonomy":"product_brand","embeddable":true,"href":"https:\/\/lacabanyeta.com\/ca\/wp-json\/wp\/v2\/product_brand?post=5648"},{"taxonomy":"product_cat","embeddable":true,"href":"https:\/\/lacabanyeta.com\/ca\/wp-json\/wp\/v2\/product_cat?post=5648"},{"taxonomy":"product_tag","embeddable":true,"href":"https:\/\/lacabanyeta.com\/ca\/wp-json\/wp\/v2\/product_tag?post=5648"}],"curies":[{"name":"wp","href":"https:\/\/api.w.org\/{rel}","templated":true}]}}