{"id":5652,"date":"2026-02-28T17:43:02","date_gmt":"2026-02-28T17:43:02","guid":{"rendered":"https:\/\/lacabanyeta.com\/?post_type=product&#038;p=5652"},"modified":"2026-02-28T22:16:52","modified_gmt":"2026-02-28T22:16:52","slug":"recien-mama","status":"publish","type":"product","link":"https:\/\/lacabanyeta.com\/ca\/producte\/recien-mama\/","title":{"rendered":"RECI\u00c9N MAM\u00c1"},"content":{"rendered":"<p><span style=\"font-size: 120%;\">Cesta gourmet para mimar a mam\u00e1<\/span><\/p>\n<p><b>Descripci\u00f3n<\/b><\/p>\n<p>Despu\u00e9s de dar vida, todo gira alrededor del beb\u00e9. Esta cesta est\u00e1 pensada para recordar que ella tambi\u00e9n importa.<span class=\"Apple-converted-space\">\u00a0<\/span><\/p>\n<p>Te proponemos una selecci\u00f3n de sabores que la mami podr\u00e1 volver a disfrutar tras el embarazo. Encontrar\u00e1s: un fabuloso jam\u00f3n ib\u00e9rico de bellota, un fuet artesanal y un queso de leche cruda, artesanal y acompa\u00f1ados de pan integral y artesanal para saborear sin prisas y sin reloj. <span class=\"Apple-converted-space\">\u00a0<\/span><\/p>\n<p>Adem\u00e1s, las trufas de chocolate ponen el colof\u00f3n a la experiencia. Y el peque\u00f1o detalle para el beb\u00e9 convierte el regalo en un gesto completo.<\/p>\n<p>Un \u201cfelicidades\u201d que cuida, abraza y celebra.<\/p>\n<p><b><span class=\"Apple-converted-space\">\u00a0<\/span>Qu\u00e9 contiene<span class=\"Apple-converted-space\">\u00a0<\/span><\/b><\/p>\n<ul>\n<li>Jam\u00f3n ib\u00e9rico de bellota de La Rosa Ib\u00e9rica 100 g.<\/li>\n<li>Fuet artesanal de Collfred 150g aprox<\/li>\n<li>Queso Fermi\u00f3n artesanal, de leche cruda de vaca, cremoso 100 g.<\/li>\n<li>Pan integral<\/li>\n<li>Trufas de chocolate 200 g<\/li>\n<li>Un regalito especial para el beb\u00e9<span class=\"Apple-converted-space\">\u00a0<\/span><\/li>\n<\/ul>\n<p><b>Maridaje<\/b><\/p>\n<p>1\ufe0f\u20e3 Sirve el jam\u00f3n y el fuet a temperatura ambiente.<br \/>\n2\ufe0f\u20e3 Comb\u00ednalos con pan integral y el queso cremoso para un bocado suave y reconfortante.<br \/>\n3\ufe0f\u20e3 Reserva las trufas para el final, como momento para ella.<\/p>\n<p>Sin protocolos, sin normas. Solo disfrutar despacio.<\/p>","protected":false},"excerpt":{"rendered":"<p>Despu\u00e9s de dar vida, todo gira alrededor del beb\u00e9. Esta cesta est\u00e1 pensada para recordar que ella tambi\u00e9n importa. Una selecci\u00f3n de sabores que la mami podr\u00e1 volver a disfrutar tras el embarazo, para saborear sin prisas y sin reloj.<\/p>\n<details style=\"border-radius: 4px; overflow: hidden; margin-bottom: 20px; max-width: 380px;\" open=\"\">\n<summary style=\"background: #b58043; color: #fff; font-weight: 600; font-size: 15px; list-style: none; display: flex; justify-content: space-between; align-items: center; padding: 6px 16px; cursor: pointer; width: 100%;\">Qu\u00e9 contiene <span style=\"margin-left: auto;\">+<\/span><\/summary>\n<div style=\"margin-top: 12px; font-size: 14px; line-height: 1.7; color: #333; padding: 0 4px 8px;\">Esta cesta contiene:<br \/>\n&#8211; Jam\u00f3n ib\u00e9rico de bellota de La Rosa Ib\u00e9rica 100g<br \/>\n&#8211; Fuet artesanal de Collfred 150g aprox.<br \/>\n&#8211; Queso Fermi\u00f3 artesanal, leche cruda de vaca, cremoso 100g<br \/>\n&#8211; Pan integral<br \/>\n&#8211; Trufas de chocolate 200g<br \/>\n&#8211; Un regalito especial para el beb\u00e9<\/div>\n<\/details>\n<details style=\"border-radius: 4px; overflow: hidden; margin-bottom: 25px; max-width: 380px;\">\n<summary style=\"background: #b58043; color: #fff; font-weight: 600; font-size: 15px; list-style: none; display: flex; justify-content: space-between; align-items: center; padding: 6px 16px; cursor: pointer; width: 100%;\">Maridalo as\u00ed <span style=\"margin-left: auto;\">+<\/span><\/summary>\n<div style=\"margin-top: 12px; font-size: 14px; line-height: 1.7; color: #333; padding: 0 4px 8px;\">1\ufe0f\u20e3 Sirve el jam\u00f3n y el fuet a temperatura ambiente.<br \/>\n2\ufe0f\u20e3 Comb\u00ednalos con pan integral y el queso cremoso para un bocado suave y reconfortante.<br \/>\n3\ufe0f\u20e3 Reserva las trufas para el final, como momento solo para ella.<\/p>\n<p>Sin protocolos, sin normas. Solo disfrutar despacio.<\/p><\/div>\n<\/details>","protected":false},"featured_media":5653,"comment_status":"open","ping_status":"closed","template":"","meta":[],"product_brand":[],"product_cat":[31],"product_tag":[],"class_list":{"0":"post-5652","1":"product","2":"type-product","3":"status-publish","4":"has-post-thumbnail","6":"product_cat-cestas","8":"first","9":"instock","10":"shipping-taxable","11":"purchasable","12":"product-type-simple"},"_links":{"self":[{"href":"https:\/\/lacabanyeta.com\/ca\/wp-json\/wp\/v2\/product\/5652","targetHints":{"allow":["GET"]}}],"collection":[{"href":"https:\/\/lacabanyeta.com\/ca\/wp-json\/wp\/v2\/product"}],"about":[{"href":"https:\/\/lacabanyeta.com\/ca\/wp-json\/wp\/v2\/types\/product"}],"replies":[{"embeddable":true,"href":"https:\/\/lacabanyeta.com\/ca\/wp-json\/wp\/v2\/comments?post=5652"}],"wp:featuredmedia":[{"embeddable":true,"href":"https:\/\/lacabanyeta.com\/ca\/wp-json\/wp\/v2\/media\/5653"}],"wp:attachment":[{"href":"https:\/\/lacabanyeta.com\/ca\/wp-json\/wp\/v2\/media?parent=5652"}],"wp:term":[{"taxonomy":"product_brand","embeddable":true,"href":"https:\/\/lacabanyeta.com\/ca\/wp-json\/wp\/v2\/product_brand?post=5652"},{"taxonomy":"product_cat","embeddable":true,"href":"https:\/\/lacabanyeta.com\/ca\/wp-json\/wp\/v2\/product_cat?post=5652"},{"taxonomy":"product_tag","embeddable":true,"href":"https:\/\/lacabanyeta.com\/ca\/wp-json\/wp\/v2\/product_tag?post=5652"}],"curies":[{"name":"wp","href":"https:\/\/api.w.org\/{rel}","templated":true}]}}