{"id":5656,"date":"2026-02-28T17:47:53","date_gmt":"2026-02-28T17:47:53","guid":{"rendered":"https:\/\/lacabanyeta.com\/?post_type=product&#038;p=5656"},"modified":"2026-02-28T22:17:22","modified_gmt":"2026-02-28T22:17:22","slug":"el-gran-banquete","status":"publish","type":"product","link":"https:\/\/lacabanyeta.com\/ca\/producte\/el-gran-banquete\/","title":{"rendered":"EL GRAN BANQUETE"},"content":{"rendered":"<p><span style=\"font-size: 120%;\"><b>Cesta gourmet para 4<\/b><\/span><\/p>\n<p><b>Descripci\u00f3n<\/b><\/p>\n<p>La cesta perfecta para sorprender a lo grande.<\/p>\n<p><b>El Gran Banquete<\/b>\u00a0re\u00fane una selecci\u00f3n premium pensada para compartir y celebrar alrededor de una mesa. Un elegante vino tinto abre paso a ib\u00e9ricos de bellota, quesos artesanos y una variedad de untables que combinan intensidad y equilibrio.<\/p>\n<p>El salm\u00f3n ahumado ecol\u00f3gico con mantequilla gourmet, el aceite de oliva virgen extra y el pan artesanal completan la experiencia, mientras dulces selectos, frutos secos y mermeladas artesanas ponen el broche final.<\/p>\n<p>Un fest\u00edn dise\u00f1ado para celebraciones importantes o para quienes quieren regalar una experiencia gastron\u00f3mica memorable.<\/p>\n<p><b>Qu\u00e9 contiene<\/b><\/p>\n<ul>\n<li>Vi negre<\/li>\n<li>Jam\u00f3n ib\u00e9rico de bellota de La Rosa ib\u00e9rica 100 g.<\/li>\n<li>Lomo ib\u00e9rico de La Rosa ib\u00e9rica 100 g.<\/li>\n<li>Longaniza artesanal de collfred. aprox 300g<\/li>\n<li>Queso de leche cruda de cabra, Bunch lebolut, 100 g artesanal, de pasta suave.<\/li>\n<li>Queso a\u00f1ejo<\/li>\n<li>Mermelada de manzana artesanal 100 g.<\/li>\n<li>Mermelada de higos artesanal de Mos de Tros 210 g.<\/li>\n<li>Foie Micuit pedro ximenez gourmet 100 g.<\/li>\n<li>Salm\u00f3n ahumado ecol\u00f3gico 100 g.<\/li>\n<li>Mantequilla<\/li>\n<li>Aceite de oliva 100 ml<\/li>\n<li>Pan<\/li>\n<li>Dol\u00e7os<\/li>\n<li>Frutos secos 50 g.<\/li>\n<\/ul>\n<p><b>Maridaje<\/b><\/p>\n<p><b><span class=\"Apple-converted-space\">1\ufe0f\u20e3 \u00a0<\/span>Comienza con el vino tinto acompa\u00f1ado de los ib\u00e9ricos y el queso a\u00f1ejo.<\/b><\/p>\n<p><span class=\"Apple-converted-space\">2\ufe0f\u20e3<b> \u00a0<\/b><\/span><b>Contin\u00faa con el salm\u00f3n ahumado sobre pan con mantequilla para un contraste delicado.<\/b><\/p>\n<p><b><span class=\"Apple-converted-space\">3\ufe0f\u20e3 \u00a0<\/span>Disfruta el foie combinado con mermelada de higos para equilibrar dulzor e intensidad.<\/b><\/p>\n<p><b><span class=\"Apple-converted-space\">4\ufe0f\u20e3 \u00a0<\/span>Finaliza con dulces y frutos secos, dejando que la sobremesa se alargue.<\/b><\/p>","protected":false},"excerpt":{"rendered":"<p>La cesta perfecta para sorprender a lo grande. El Gran Banquete re\u00fane una selecci\u00f3n premium pensada para compartir y celebrar alrededor de una mesa. Un fest\u00edn dise\u00f1ado para celebraciones importantes o para quienes quieren regalar una experiencia gastron\u00f3mica memorable.<\/p>\n<details style=\"border-radius: 4px; overflow: hidden; margin-bottom: 20px; max-width: 380px;\" open=\"\">\n<summary style=\"background: #b58043; color: #fff; font-weight: 600; font-size: 15px; list-style: none; display: flex; justify-content: space-between; align-items: center; padding: 6px 16px; cursor: pointer; width: 100%;\">Qu\u00e9 contiene <span style=\"margin-left: auto;\">+<\/span><\/summary>\n<div style=\"margin-top: 12px; font-size: 14px; line-height: 1.7; color: #333; padding: 0 4px 8px;\">Esta cesta contiene:<br \/>\n&#8211; Vino tinto<br \/>\n&#8211; Jam\u00f3n ib\u00e9rico de bellota de La Rosa Ib\u00e9rica 100g<br \/>\n&#8211; Lomo ib\u00e9rico de La Rosa Ib\u00e9rica 100g<br \/>\n&#8211; Longaniza artesanal de Collfred 300g aprox.<br \/>\n&#8211; Queso Bunch Le Bolut, leche cruda de cabra, pasta suave 100g<br \/>\n&#8211; Queso a\u00f1ejo<br \/>\n&#8211; Mermelada de manzana artesanal 100g<br \/>\n&#8211; Mermelada de higos artesanal de Mos de Tros 210g<br \/>\n&#8211; Foie Micuit Pedro Xim\u00e9nez gourmet 100g<br \/>\n&#8211; Salm\u00f3n ahumado ecol\u00f3gico 100g<br \/>\n&#8211; Mantequilla<br \/>\n&#8211; Aceite de oliva 100ml<br \/>\n&#8211; Pan<br \/>\n&#8211; Dulces<br \/>\n&#8211; Frutos secos 50g<\/div>\n<\/details>\n<details style=\"border-radius: 4px; overflow: hidden; margin-bottom: 25px; max-width: 380px;\">\n<summary style=\"background: #b58043; color: #fff; font-weight: 600; font-size: 15px; list-style: none; display: flex; justify-content: space-between; align-items: center; padding: 6px 16px; cursor: pointer; width: 100%;\">Maridalo as\u00ed <span style=\"margin-left: auto;\">+<\/span><\/summary>\n<div style=\"margin-top: 12px; font-size: 14px; line-height: 1.7; color: #333; padding: 0 4px 8px;\">1\ufe0f\u20e3 Comienza con el vino tinto acompa\u00f1ado de los ib\u00e9ricos y el queso a\u00f1ejo.<br \/>\n2\ufe0f\u20e3 Contin\u00faa con el salm\u00f3n ahumado sobre pan con mantequilla para un contraste delicado.<br \/>\n3\ufe0f\u20e3 Disfruta el foie combinado con mermelada de higos para equilibrar dulzor e intensidad.<br \/>\n4\ufe0f\u20e3 Finaliza con dulces y frutos secos, dejando que la sobremesa se alargue.<\/div>\n<\/details>","protected":false},"featured_media":5658,"comment_status":"open","ping_status":"closed","template":"","meta":[],"product_brand":[],"product_cat":[31],"product_tag":[],"class_list":{"0":"post-5656","1":"product","2":"type-product","3":"status-publish","4":"has-post-thumbnail","6":"product_cat-cestas","8":"first","9":"instock","10":"shipping-taxable","11":"purchasable","12":"product-type-simple"},"_links":{"self":[{"href":"https:\/\/lacabanyeta.com\/ca\/wp-json\/wp\/v2\/product\/5656","targetHints":{"allow":["GET"]}}],"collection":[{"href":"https:\/\/lacabanyeta.com\/ca\/wp-json\/wp\/v2\/product"}],"about":[{"href":"https:\/\/lacabanyeta.com\/ca\/wp-json\/wp\/v2\/types\/product"}],"replies":[{"embeddable":true,"href":"https:\/\/lacabanyeta.com\/ca\/wp-json\/wp\/v2\/comments?post=5656"}],"wp:featuredmedia":[{"embeddable":true,"href":"https:\/\/lacabanyeta.com\/ca\/wp-json\/wp\/v2\/media\/5658"}],"wp:attachment":[{"href":"https:\/\/lacabanyeta.com\/ca\/wp-json\/wp\/v2\/media?parent=5656"}],"wp:term":[{"taxonomy":"product_brand","embeddable":true,"href":"https:\/\/lacabanyeta.com\/ca\/wp-json\/wp\/v2\/product_brand?post=5656"},{"taxonomy":"product_cat","embeddable":true,"href":"https:\/\/lacabanyeta.com\/ca\/wp-json\/wp\/v2\/product_cat?post=5656"},{"taxonomy":"product_tag","embeddable":true,"href":"https:\/\/lacabanyeta.com\/ca\/wp-json\/wp\/v2\/product_tag?post=5656"}],"curies":[{"name":"wp","href":"https:\/\/api.w.org\/{rel}","templated":true}]}}