{"id":1164,"date":"2025-03-07T15:38:49","date_gmt":"2025-03-07T15:38:49","guid":{"rendered":"https:\/\/lacabanyeta.com\/?page_id=1164"},"modified":"2026-03-01T20:26:36","modified_gmt":"2026-03-01T20:26:36","slug":"condiciones-generales","status":"publish","type":"page","link":"https:\/\/lacabanyeta.com\/uk\/condiciones-generales\/","title":{"rendered":"General Conditions"},"content":{"rendered":"<section class=\"section\" id=\"section_637961491\">\n\t\t<div class=\"section-bg fill\" >\n\t\t\t\t\t\t\t\t\t\n\t\t\t\n\n\t\t<\/div>\n\n\t\t\n\n\t\t<div class=\"section-content relative\">\n\t\t\t\n\n\t<div id=\"gap-1750496166\" class=\"gap-element clearfix\" style=\"display:block; height:auto;\">\n\t\t\n<style>\n#gap-1750496166 {\n  padding-top: 0px;\n}\n<\/style>\n\t<\/div>\n\t\n\n<div class=\"row\"  id=\"row-2094506735\">\n\n\n\t<div id=\"col-90497011\" class=\"col medium-4 small-12 large-3\"  >\n\t\t\t\t<div class=\"col-inner\"  >\n\t\t\t\n\t\t\t\n\n\t<div id=\"text-3778501289\" class=\"text\">\n\t\t\n\n<\/p>\n<h2>Condiciones Gen\u00e9rales<\/h2>\n<p>\n\t\t\n<style>\n#text-3778501289 {\n  font-size: 1.5rem;\n}\n<\/style>\n\t<\/div>\n\t\n\n\t\t<\/div>\n\t\t\t\t\t<\/div>\n\n\t\n\n\t<div id=\"col-79164117\" class=\"col medium-8 small-12 large-9\"  >\n\t\t\t\t<div class=\"col-inner\"  >\n\t\t\t\n\t\t\t\n\n<p>T\u00c9RMINOS Y CONDICIONES GENERALES \u2013 LA CABANYETA DE VALLVIDRERA<br \/>1. \u00c1MBITO DE APLICACI\u00d3N<br \/>Estas condiciones regulan las compras realizadas a trav\u00e9s de:<br \/>* Sitio web: www.lacabanyeta.com<br \/>* Redes sociales oficiales<br \/>* Pedidos telef\u00f3nicos o presenciales<br \/>La realizaci\u00f3n de cualquier pedido implica la aceptaci\u00f3n \u00edntegra de estos t\u00e9rminos.<\/p>\n<p>2. INFORMACI\u00d3N COMERCIAL<br \/>* Titular: LATIFA CHILAH JIDAN (NIF: 23868663E)<br \/>* Domicilio: Carrer de Queralt, 6-8, Sarri\u00e0-Sant Gervasi, 08017 Barcelona<br \/>* Contacto:<br \/>* Tel\u00e9fono: 676 937 168<br \/>* Email: info@lacabanyeta.com<\/p>\n<p>3. PRECIOS Y FORMAS DE PAGO<br \/>3.1. Tarifas<br \/>* Todos los precios incluyen IVA.<br \/>* Gastos de env\u00edo: Calculados autom\u00e1ticamente (excepto promociones).<br \/>* Precios vigentes al confirmar el pago.<br \/>3.2. M\u00e9todos de Pago<br \/>Aceptamos:<br \/>* Tarjetas (Visa\/Mastercard) a trav\u00e9s de TPV virtual seguro.<br \/>* PayPal.<br \/>* Transferencia bancaria (solo para pedidos superiores a 150\u20ac).<br \/>(El pedido se procesar\u00e1 una vez confirmado el pago.)<\/p>\n<p>4. PROCESO DE COMPRA<br \/>1. Selecci\u00f3n de productos: A\u00f1adir al carrito.<br \/>2. Confirmaci\u00f3n: Verificar datos y m\u00e9todo de env\u00edo.<br \/>3. Pago: Recibir\u00e1s email de confirmaci\u00f3n con detalles.<br \/>(No reservamos stock hasta completar el pago.)<\/p>\n<p>5. ENV\u00cdOS Y ENTREGAS<br \/>5.1. Plazos<br \/>* Barcelona: 24-48 horas.<br \/>* Resto de Espa\u00f1a: 3-5 d\u00edas laborables.<br \/>5.2. Transportistas<br \/>Trabajamos con SEUR Fr\u00edo para garantizar la cadena de fr\u00edo en todos nuestros env\u00edos.<br \/>5.3. Incidencias<br \/>* Revisa el paquete al recibirlo.<br \/>* Notifica da\u00f1os en 24 horas (con fotos) a info@lacabanyeta.com.<\/p>\n<p>6. DEVOLUCIONES Y GARANT\u00cdAS<br \/>6.1. Derecho de Desistimiento<br \/>* Plazo: 14 d\u00edas desde la recepci\u00f3n.<br \/>* Condiciones:<br \/>* Productos en estado original (sin abrir).<br \/>* Env\u00eda solicitud a info@lacabanyeta.com.<br \/>6.2. Productos Defectuosos<br \/>* Sustituci\u00f3n o reembolso (seg\u00fan disponibilidad).<br \/>(No aceptamos devoluciones por cambio de opini\u00f3n en productos perecederos.)<\/p>\n<p>7. RESPONSABILIDADES<br \/>* No asumimos retrasos por causas ajenas (ej.: huelgas de transporte).<br \/>* Los pedidos an\u00f3malos podr\u00e1n ser cancelados.<\/p>\n<p>8. PROTECCI\u00d3N DE DATOS<br \/>Los datos proporcionados se tratan seg\u00fan nuestra Pol\u00edtica de Privacidad.<\/p>\n<p>9. LEGISLACI\u00d3N Y JURISDICCI\u00d3N<br \/>* Ley aplicable: Legislaci\u00f3n espa\u00f1ola.<br \/>* Tribunales competentes: Barcelona (renuncia a otros fueros).<\/p>\n<p>\u00a0<\/p>\n\n\t\t<\/div>\n\t\t\t\t\t<\/div>\n\n\t\n\n<\/div>\n\n\t\t<\/div>\n\n\t\t\n<style>\n#section_637961491 {\n  padding-top: 0px;\n  padding-bottom: 0px;\n}\n<\/style>\n\t<\/section>","protected":false},"excerpt":{"rendered":"","protected":false},"author":1,"featured_media":0,"parent":0,"menu_order":0,"comment_status":"closed","ping_status":"closed","template":"","meta":{"footnotes":""},"class_list":["post-1164","page","type-page","status-publish","hentry"],"_links":{"self":[{"href":"https:\/\/lacabanyeta.com\/uk\/wp-json\/wp\/v2\/pages\/1164","targetHints":{"allow":["GET"]}}],"collection":[{"href":"https:\/\/lacabanyeta.com\/uk\/wp-json\/wp\/v2\/pages"}],"about":[{"href":"https:\/\/lacabanyeta.com\/uk\/wp-json\/wp\/v2\/types\/page"}],"author":[{"embeddable":true,"href":"https:\/\/lacabanyeta.com\/uk\/wp-json\/wp\/v2\/users\/1"}],"replies":[{"embeddable":true,"href":"https:\/\/lacabanyeta.com\/uk\/wp-json\/wp\/v2\/comments?post=1164"}],"version-history":[{"count":1,"href":"https:\/\/lacabanyeta.com\/uk\/wp-json\/wp\/v2\/pages\/1164\/revisions"}],"predecessor-version":[{"id":5749,"href":"https:\/\/lacabanyeta.com\/uk\/wp-json\/wp\/v2\/pages\/1164\/revisions\/5749"}],"wp:attachment":[{"href":"https:\/\/lacabanyeta.com\/uk\/wp-json\/wp\/v2\/media?parent=1164"}],"curies":[{"name":"wp","href":"https:\/\/api.w.org\/{rel}","templated":true}]}}