{"id":1181,"date":"2025-03-07T15:58:43","date_gmt":"2025-03-07T15:58:43","guid":{"rendered":"https:\/\/lacabanyeta.com\/?page_id=1181"},"modified":"2025-04-26T15:41:37","modified_gmt":"2025-04-26T15:41:37","slug":"politica-de-cookies","status":"publish","type":"page","link":"https:\/\/lacabanyeta.com\/uk\/politica-de-cookies\/","title":{"rendered":"Pol\u00edtica de Cookies"},"content":{"rendered":"<section class=\"section\" id=\"section_1891705590\">\n\t\t<div class=\"section-bg fill\" >\n\t\t\t\t\t\t\t\t\t\n\t\t\t\n\n\t\t<\/div>\n\n\t\t\n\n\t\t<div class=\"section-content relative\">\n\t\t\t\n\n\t<div id=\"gap-584633831\" class=\"gap-element clearfix\" style=\"display:block; height:auto;\">\n\t\t\n<style>\n#gap-584633831 {\n  padding-top: 0px;\n}\n<\/style>\n\t<\/div>\n\t\n\n<div class=\"row\"  id=\"row-733553501\">\n\n\n\t<div id=\"col-1483060428\" class=\"col medium-4 small-12 large-3\"  >\n\t\t\t\t<div class=\"col-inner\"  >\n\t\t\t\n\t\t\t\n\n\t<div id=\"text-79200184\" class=\"text\">\n\t\t\n\n<h2>Cookies Policy<\/h2>\n\t\t\n<style>\n#text-79200184 {\n  font-size: 1.5rem;\n}\n<\/style>\n\t<\/div>\n\t\n\n\t\t<\/div>\n\t\t\t\t\t<\/div>\n\n\t\n\n\t<div id=\"col-879040550\" class=\"col medium-8 small-12 large-9\"  >\n\t\t\t\t<div class=\"col-inner\"  >\n\t\t\t\n\t\t\t\n\n<p>POL\u00cdTICA DE COOKIES &#8211; LA CABANYETA DE VALLVIDRERA<br \/>\n1. INTRODUCCI\u00d3N<br \/>\nEn www.lacabanyeta.com utilizamos cookies para mejorar tu experiencia como usuario. Esta pol\u00edtica explica qu\u00e9 son las cookies, c\u00f3mo las utilizamos y c\u00f3mo puedes gestionarlas.<br \/>\n(Actualizado conforme al RGPD y Ley 34\/2002 de Servicios de la Sociedad de la Informaci\u00f3n &#8211; LSSI).<\/p>\n<p>2. \u00bfQU\u00c9 SON LAS COOKIES?<br \/>\nLas cookies son peque\u00f1os archivos de texto que se almacenan en tu dispositivo (ordenador, m\u00f3vil o tablet) cuando visitas nuestra web. Nos permiten:<br \/>\n* Recordar tus preferencias (idioma, carrito de compra).<br \/>\n* Analizar el tr\u00e1fico para mejorar nuestros servicios.<br \/>\n* Mostrar publicidad relevante.<\/p>\n<p>3. TIPOS DE COOKIES QUE UTILIZAMOS<br \/>\nTipo\tFinalidad\tEjemplo\tDuraci\u00f3n<br \/>\nT\u00e9cnicas\tEsenciales para el funcionamiento de la web.\tSesi\u00f3n de usuario, seguridad.\tSesi\u00f3n\/Persistentes<br \/>\nAnal\u00edticas\tMedir el tr\u00e1fico y comportamiento (Google Analytics anonimizado).\tP\u00e1ginas visitadas, tiempo en sitio.\t2 a\u00f1os<br \/>\nPublicitarias\tMostrar anuncios personalizados (si aceptas).\tProductos vistos recientemente.\t1 mes<br \/>\nDe preferencias\tGuardar tus ajustes (idioma, regi\u00f3n).\tRecordar carrito abandonado.\t7 d\u00edas<br \/>\n(No usamos cookies de terceros sin tu consentimiento expl\u00edcito).<\/p>\n<p>4. GESTI\u00d3N DE COOKIES<br \/>\nPuedes configurar o rechazar las cookies en cualquier momento:<br \/>\n4.1. Desde tu navegador:<br \/>\n* Chrome: Configuraci\u00f3n \u2192 Privacidad y seguridad \u2192 Cookies.<br \/>\n* Safari: Preferencias \u2192 Privacidad \u2192 Bloquear cookies.<br \/>\n* Firefox: Opciones \u2192 Privacidad y seguridad \u2192 Cookies.<br \/>\n* Edge: Configuraci\u00f3n \u2192 Cookies y permisos de sitios.<br \/>\n4.2. Desde nuestra web:<br \/>\nAl entrar, ver\u00e1s un banner donde puedes:<br \/>\n\u2705 Aceptar todas<br \/>\n\u2699\ufe0f Configurar (elegir por categor\u00edas)<br \/>\n\u274c Rechazar (solo t\u00e9cnicas)<br \/>\n(Si bloqueas todas, algunas funcionalidades pueden no estar disponibles).<\/p>\n<p>5. \u00bfQU\u00c9 OCURRE SI DESACTIVAS LAS COOKIES?<br \/>\n* No podr\u00e1s acceder a \u00e1reas personales (tu cuenta).<br \/>\n* El carrito de compra no guardar\u00e1 tus productos.<br \/>\n* La publicidad ser\u00e1 gen\u00e9rica (no adaptada a tus intereses).<\/p>\n<p>6. CAMBIOS EN LA POL\u00cdTICA<br \/>\nActualizaremos esta p\u00e1gina si modificamos el uso de cookies. Fecha \u00faltima revisi\u00f3n: 26\/04\/2025.<\/p>\n<p>7. CONTACTO<br \/>\nPara preguntas sobre cookies:<br \/>\n* Email: info@lacabanyeta.com <\/p>\n\n\n\t\t<\/div>\n\t\t\t\t\t<\/div>\n\n\t\n\n<\/div>\n\n\t\t<\/div>\n\n\t\t\n<style>\n#section_1891705590 {\n  padding-top: 0px;\n  padding-bottom: 0px;\n}\n<\/style>\n\t<\/section>","protected":false},"excerpt":{"rendered":"","protected":false},"author":1,"featured_media":0,"parent":0,"menu_order":0,"comment_status":"closed","ping_status":"closed","template":"","meta":{"footnotes":""},"class_list":["post-1181","page","type-page","status-publish","hentry"],"_links":{"self":[{"href":"https:\/\/lacabanyeta.com\/uk\/wp-json\/wp\/v2\/pages\/1181","targetHints":{"allow":["GET"]}}],"collection":[{"href":"https:\/\/lacabanyeta.com\/uk\/wp-json\/wp\/v2\/pages"}],"about":[{"href":"https:\/\/lacabanyeta.com\/uk\/wp-json\/wp\/v2\/types\/page"}],"author":[{"embeddable":true,"href":"https:\/\/lacabanyeta.com\/uk\/wp-json\/wp\/v2\/users\/1"}],"replies":[{"embeddable":true,"href":"https:\/\/lacabanyeta.com\/uk\/wp-json\/wp\/v2\/comments?post=1181"}],"version-history":[{"count":0,"href":"https:\/\/lacabanyeta.com\/uk\/wp-json\/wp\/v2\/pages\/1181\/revisions"}],"wp:attachment":[{"href":"https:\/\/lacabanyeta.com\/uk\/wp-json\/wp\/v2\/media?parent=1181"}],"curies":[{"name":"wp","href":"https:\/\/api.w.org\/{rel}","templated":true}]}}