{"id":3973,"date":"2025-04-14T15:25:04","date_gmt":"2025-04-14T15:25:04","guid":{"rendered":"https:\/\/lacabanyeta.com\/?page_id=3973"},"modified":"2026-03-01T20:31:46","modified_gmt":"2026-03-01T20:31:46","slug":"politica-de-venta-devoluciones-y-reembolso","status":"publish","type":"page","link":"https:\/\/lacabanyeta.com\/uk\/politica-de-venta-devoluciones-y-reembolso\/","title":{"rendered":"Pol\u00edtica de Venta, Devoluciones y Reembolso"},"content":{"rendered":"<section class=\"section\" id=\"section_879343951\">\n\t\t<div class=\"section-bg fill\" >\n\t\t\t\t\t\t\t\t\t\n\t\t\t\n\n\t\t<\/div>\n\n\t\t\n\n\t\t<div class=\"section-content relative\">\n\t\t\t\n\n\t<div id=\"gap-1887461330\" class=\"gap-element clearfix\" style=\"display:block; height:auto;\">\n\t\t\n<style>\n#gap-1887461330 {\n  padding-top: 0px;\n}\n<\/style>\n\t<\/div>\n\t\n\n<div class=\"row\"  id=\"row-701281246\">\n\n\n\t<div id=\"col-1342119288\" class=\"col medium-4 small-12 large-4\"  >\n\t\t\t\t<div class=\"col-inner\"  >\n\t\t\t\n\t\t\t\n\n\t<div id=\"text-3182134544\" class=\"text\">\n\t\t\n\n<h2>Venta, Env\u00edo y Devoluciones<\/h2>\n\t\t\n<style>\n#text-3182134544 {\n  font-size: 1.5rem;\n}\n<\/style>\n\t<\/div>\n\t\n\n\t\t<\/div>\n\t\t\t\t\t<\/div>\n\n\t\n\n\t<div id=\"col-2132878437\" class=\"col medium-8 small-12 large-8\"  >\n\t\t\t\t<div class=\"col-inner\"  >\n\t\t\t\n\t\t\t\n\n<p>POL\u00cdTICA DE VENTAS, DEVOLUCIONES Y REEMBOLSOS\u2028LA CABANYETA DE VALLVIDRERA<br \/>1. CONDICIONES GENERALES DE VENTA<br \/>1.1 \u00c1mbito de aplicaci\u00f3n<br \/>* Estas condiciones regulan todas las compras realizadas a trav\u00e9s de:<br \/>* Sitio web: www.lacabanyeta.com<br \/>* Pedidos telef\u00f3nicos o presenciales en nuestra tienda f\u00edsica.<br \/>* La realizaci\u00f3n de un pedido implica la aceptaci\u00f3n \u00edntegra de estas condiciones.<br \/>1.2 Precios y facturaci\u00f3n<br \/>* Todos los precios incluyen IVA.<br \/>* Los gastos de env\u00edo se calcular\u00e1n autom\u00e1ticamente al finalizar la compra (excepto en promociones especiales).<br \/>* Nos reservamos el derecho de modificar los precios sin previo aviso, aplic\u00e1ndose siempre el vigente en el momento de la confirmaci\u00f3n del pago.<\/p>\n<p>2. PROCESO DE COMPRA Y PAGO<br \/>2.1 M\u00e9todos de pago aceptados<br \/>* Tarjetas de cr\u00e9dito\/d\u00e9bito (Visa, Mastercard) a trav\u00e9s de TPV seguro.<br \/>* PayPal.<br \/>* Transferencia bancaria (solo para pedidos superiores a 150\u20ac).<br \/>2.2 Confirmaci\u00f3n del pedido<br \/>* Recibir\u00e1s un email de confirmaci\u00f3n con los detalles de tu compra una vez verificado el pago.<br \/>* Nos reservamos el derecho de cancelar pedidos an\u00f3malos o por falta de stock.<\/p>\n<p>3. ENV\u00cdOS Y ENTREGAS<br \/>3.1 Plazos y transportistas<br \/>* Barcelona: 24-48 horas laborables.<br \/>* Resto de Espa\u00f1a: 3-5 d\u00edas laborables.<br \/>* Trabajamos con MRW (principal) y SEUR\/Nacex (alternativos).<br \/>3.2 Incidencias<br \/>* Verifica el paquete al recibirlo.<br \/>* Reporta da\u00f1os en 24 horas enviando fotos a info@lacabanyeta.com.<\/p>\n<p>4. DEVOLUCIONES Y REEMBOLSOS<br \/>Se permiten cambios o reembolsos principalmente por productos defectuosos, caducados o en mal estado, notificando a info@lacabanyeta.com dentro de las 24-48 horas tras la recepci\u00f3n del pedido, adjuntando fotograf\u00edas del producto.<\/p>\n<p>5. CAMBIOS Y GARANT\u00cdAS<br \/>5.1 Cambios<br \/>* Contacta antes de las 23h del d\u00eda previo a la entrega (para pedidos en Barcelona).<br \/>* Sujeto a disponibilidad de stock.<br \/>5.2 Productos defectuosos<br \/>* Sustituci\u00f3n inmediata o reembolso (seg\u00fan preferencia del cliente).<\/p>\n<p>6. RESPONSABILIDADES<br \/>* No nos hacemos responsables de retrasos por causas ajenas (ej.: huelgas de transporte).<br \/>* En caso de cancelaci\u00f3n por falta de stock, ofreceremos alternativas o reembolso \u00edntegro.<\/p>\n<p>7. LEGISLACI\u00d3N APLICABLE<br \/>* Ley espa\u00f1ola (Real Decreto Legislativo 1\/2007, de 16 de noviembre).<br \/>* Tribunales competentes: Barcelona (renuncia a otros fueros).<\/p>\n\n\t\t<\/div>\n\t\t\t\t\t<\/div>\n\n\t\n\n<\/div>\n\n\t\t<\/div>\n\n\t\t\n<style>\n#section_879343951 {\n  padding-top: 0px;\n  padding-bottom: 0px;\n}\n<\/style>\n\t<\/section>","protected":false},"excerpt":{"rendered":"","protected":false},"author":1,"featured_media":0,"parent":0,"menu_order":0,"comment_status":"closed","ping_status":"closed","template":"","meta":{"footnotes":""},"class_list":["post-3973","page","type-page","status-publish","hentry"],"_links":{"self":[{"href":"https:\/\/lacabanyeta.com\/uk\/wp-json\/wp\/v2\/pages\/3973","targetHints":{"allow":["GET"]}}],"collection":[{"href":"https:\/\/lacabanyeta.com\/uk\/wp-json\/wp\/v2\/pages"}],"about":[{"href":"https:\/\/lacabanyeta.com\/uk\/wp-json\/wp\/v2\/types\/page"}],"author":[{"embeddable":true,"href":"https:\/\/lacabanyeta.com\/uk\/wp-json\/wp\/v2\/users\/1"}],"replies":[{"embeddable":true,"href":"https:\/\/lacabanyeta.com\/uk\/wp-json\/wp\/v2\/comments?post=3973"}],"version-history":[{"count":1,"href":"https:\/\/lacabanyeta.com\/uk\/wp-json\/wp\/v2\/pages\/3973\/revisions"}],"predecessor-version":[{"id":5750,"href":"https:\/\/lacabanyeta.com\/uk\/wp-json\/wp\/v2\/pages\/3973\/revisions\/5750"}],"wp:attachment":[{"href":"https:\/\/lacabanyeta.com\/uk\/wp-json\/wp\/v2\/media?parent=3973"}],"curies":[{"name":"wp","href":"https:\/\/api.w.org\/{rel}","templated":true}]}}