{"id":5608,"date":"2026-02-27T18:57:14","date_gmt":"2026-02-27T18:57:14","guid":{"rendered":"https:\/\/lacabanyeta.com\/?post_type=product&#038;p=5608"},"modified":"2026-02-28T22:13:57","modified_gmt":"2026-02-28T22:13:57","slug":"amantes-del-cafe","status":"publish","type":"product","link":"https:\/\/lacabanyeta.com\/uk\/product\/amantes-del-cafe\/","title":{"rendered":"AMANTES DEL CAF\u00c9"},"content":{"rendered":"<p><span style=\"font-size: 120%;\"><b>Cesta gourmet de caf\u00e9 de especialidad<\/b><\/span><\/p>\n<p><b>Descripci\u00f3n<\/b><span class=\"Apple-converted-space\">\u00a0<\/span><\/p>\n<p>Uno de los mejores rituales del d\u00eda es el de la ma\u00f1ana: poner agua a calentar y preparar un buen caf\u00e9 mientras el mundo todav\u00eda bosteza.<span class=\"Apple-converted-space\">\u00a0<\/span><\/p>\n<p>Si quieres empezar con buen pie, este caf\u00e9 de especialidad ser\u00e1 tu c\u00f3mplice. Comb\u00ednalo con estas galletas gourmet y empieza despacio y dejando que la combinaci\u00f3n de aroma y textura marquen el ritmo.<span class=\"Apple-converted-space\">\u00a0<\/span><\/p>\n<p>Un regalo perfecto para quienes entienden que el caf\u00e9 no se toma, se disfruta.<span class=\"Apple-converted-space\">\u00a0<\/span><\/p>\n<p><b>Qu\u00e9 contiene<\/b><\/p>\n<p>\u2022 Caf\u00e9 de especialidad Brasil 250g<\/p>\n<p>\u2022 Galletas<\/p>\n<p>\u2022 Caja de cart\u00f3n con sello de cera La Cabanyeta<span class=\"Apple-converted-space\">\u00a0<\/span><\/p>\n<p>\u2022 Tarjet\u00f3n con informaci\u00f3n sobre productor<\/p>\n<p><b>Maridaje<\/b><\/p>\n<p>Combinaci\u00f3n equilibrada entre aroma y textura. Las galletas gourmet han sido pensadas para acompa\u00f1ar el caf\u00e9 sin eclipsarlo. Crujientes, delicadas y con el dulzor justo para realzar los matices del grano brasile\u00f1o.<\/p>","protected":false},"excerpt":{"rendered":"<p>Uno de los mejores rituales del d\u00eda es el de la ma\u00f1ana: poner agua a calentar y preparar un buen caf\u00e9 mientras el mundo todav\u00eda bosteza. Si quieres empezar con buen pie, este caf\u00e9 de especialidad ser\u00e1 tu c\u00f3mplice. Comb\u00ednalo con estas galletas gourmet y empieza despacio y dejando que la combinaci\u00f3n de aroma y textura marquen el ritmo.<\/p>\n<details style=\"border-radius: 4px; overflow: hidden; margin-bottom: 20px; max-width: 380px;\" open>\n<summary style=\"background: #b58043; color: #fff; font-weight: 600; font-size: 15px; list-style: none; display: flex; justify-content: space-between; align-items: center; padding: 6px 16px; cursor: pointer; width: 100%;\">Qu\u00e9 contiene <span style=\"margin-left: auto;\">+<\/span><\/summary>\n<div style=\"margin-top: 12px; font-size: 14px; line-height: 1.7; color: #333; padding: 0 4px 8px;\">Esta cesta contiene:<br \/>\n&#8211; Caf\u00e9 de especialidad Brasil 250g<br \/>\n&#8211; Galletas<br \/>\n&#8211; Caja de cart\u00f3n con sello de cera La Cabanyeta<br \/>\n&#8211; Tarjet\u00f3n con informaci\u00f3n sobre productor<\/div>\n<\/details>\n<details style=\"border-radius: 4px; overflow: hidden; margin-bottom: 25px; max-width: 380px;\">\n<summary style=\"background: #b58043; color: #fff; font-weight: 600; font-size: 15px; list-style: none; display: flex; justify-content: space-between; align-items: center; padding: 6px 16px; cursor: pointer; width: 100%;\">Maridalo as\u00ed <span style=\"margin-left: auto;\">+<\/span><\/summary>\n<div style=\"margin-top: 12px; font-size: 14px; line-height: 1.7; color: #333; padding: 0 4px 8px;\">Combinaci\u00f3n equilibrada entre aroma y textura. Las galletas gourmet han sido pensadas para acompa\u00f1ar el caf\u00e9 sin eclipsarlo. Crujientes, delicadas y con el dulzor justo para realzar los matices del grano brasile\u00f1o.<\/div>\n<\/details>","protected":false},"featured_media":5611,"comment_status":"open","ping_status":"closed","template":"","meta":[],"product_brand":[],"product_cat":[31],"product_tag":[],"class_list":{"0":"post-5608","1":"product","2":"type-product","3":"status-publish","4":"has-post-thumbnail","6":"product_cat-cestas","8":"first","9":"instock","10":"shipping-taxable","11":"purchasable","12":"product-type-simple"},"_links":{"self":[{"href":"https:\/\/lacabanyeta.com\/uk\/wp-json\/wp\/v2\/product\/5608","targetHints":{"allow":["GET"]}}],"collection":[{"href":"https:\/\/lacabanyeta.com\/uk\/wp-json\/wp\/v2\/product"}],"about":[{"href":"https:\/\/lacabanyeta.com\/uk\/wp-json\/wp\/v2\/types\/product"}],"replies":[{"embeddable":true,"href":"https:\/\/lacabanyeta.com\/uk\/wp-json\/wp\/v2\/comments?post=5608"}],"wp:featuredmedia":[{"embeddable":true,"href":"https:\/\/lacabanyeta.com\/uk\/wp-json\/wp\/v2\/media\/5611"}],"wp:attachment":[{"href":"https:\/\/lacabanyeta.com\/uk\/wp-json\/wp\/v2\/media?parent=5608"}],"wp:term":[{"taxonomy":"product_brand","embeddable":true,"href":"https:\/\/lacabanyeta.com\/uk\/wp-json\/wp\/v2\/product_brand?post=5608"},{"taxonomy":"product_cat","embeddable":true,"href":"https:\/\/lacabanyeta.com\/uk\/wp-json\/wp\/v2\/product_cat?post=5608"},{"taxonomy":"product_tag","embeddable":true,"href":"https:\/\/lacabanyeta.com\/uk\/wp-json\/wp\/v2\/product_tag?post=5608"}],"curies":[{"name":"wp","href":"https:\/\/api.w.org\/{rel}","templated":true}]}}