{"id":5628,"date":"2026-02-28T17:09:05","date_gmt":"2026-02-28T17:09:05","guid":{"rendered":"https:\/\/lacabanyeta.com\/?post_type=product&#038;p=5628"},"modified":"2026-02-28T22:11:34","modified_gmt":"2026-02-28T22:11:34","slug":"quesos-de-autor","status":"publish","type":"product","link":"https:\/\/lacabanyeta.com\/uk\/product\/quesos-de-autor\/","title":{"rendered":"QUESOS DE AUTOR"},"content":{"rendered":"<p><span style=\"font-size: 120%;\"><b>Cesta gourmet de quesos artesanos<\/b><\/span><\/p>\n<p><b>Descripci\u00f3n<\/b><\/p>\n<p>\u00bfAmante del queso? Esta cesta es para ti: una selecci\u00f3n de tres quesos artesanales, elaborados con leche cruda, de sabores aut\u00e9nticos y complementarios entre s\u00ed.<span class=\"Apple-converted-space\">\u00a0<\/span><\/p>\n<p>El vino blanco Chardonnay aporta frescura y equilibra el conjunto, la mermelada artesanal de manzana a\u00f1ade el punto dulce, y el toque crujiente viene con las tostadas y los frutos secos gourmet.<span class=\"Apple-converted-space\">\u00a0<\/span><\/p>\n<p>Una cesta para hacer un regalo con autor\u00eda, compartir momentos especiales o disfrutar de una pausa gourmet que sorprende al paladar.<\/p>\n<p><b>Qu\u00e9 contiene<\/b><\/p>\n<ul>\n<li>Vino blanco Chardonnay<\/li>\n<li>Queso Fermi\u00f3, artesanal, leche cruda de vaca, cremoso 100g.<\/li>\n<li>Queso Bunch Le Bolut, artesanal, leche cruda de cabra, pasta suave 100g<span class=\"Apple-converted-space\">\u00a0<\/span><\/li>\n<li>Queso Sotabosc, artesanal, de leche de vaca, pasta semidura 400g<\/li>\n<li>Mermelada de manzana artesanal 100g.<\/li>\n<li>Tostadas<\/li>\n<li>Frutos secos 50g<\/li>\n<\/ul>\n<p><b>Maridaje<\/b><\/p>\n<p>1\ufe0f\u20e3 Empieza abriendo el vino y sirviendo una primera copa.<br \/>\n2\ufe0f\u20e3 Prueba primero el queso m\u00e1s suave (Bunch Le Bolut), para preparar el paladar.<br \/>\n3\ufe0f\u20e3 Contin\u00faa con el queso Fermi\u00f3, cremoso y equilibrado.<br \/>\n4\ufe0f\u20e3 Termina con el Sotabosc, de sabor m\u00e1s intenso y persistente.<\/p>\n<p>A partir de aqu\u00ed, a\u00f1ade mermelada cuando quieras aportar un contraste dulce y combina con frutos secos para sumar textura.<\/p>\n<p>El orden gu\u00eda la experiencia\u2026 pero despu\u00e9s, juega y descubre tus propias combinaciones.<\/p>","protected":false},"excerpt":{"rendered":"<p>Una selecci\u00f3n de tres quesos artesanales, elaborados con leche cruda, de sabores aut\u00e9nticos y complementarios entre s\u00ed. El vino blanco Chardonnay aporta frescura y equilibra el conjunto, la mermelada artesanal de manzana a\u00f1ade el punto dulce, y el toque crujiente viene con las tostadas y los frutos secos gourmet.<\/p>\n<details style=\"border-radius: 4px; overflow: hidden; margin-bottom: 20px; max-width: 380px;\" open=\"\">\n<summary style=\"background: #b58043; color: #fff; font-weight: 600; font-size: 15px; list-style: none; display: flex; justify-content: space-between; align-items: center; padding: 6px 16px; cursor: pointer; width: 100%;\">Qu\u00e9 contiene <span style=\"margin-left: auto;\">+<\/span><\/summary>\n<div style=\"margin-top: 12px; font-size: 14px; line-height: 1.7; color: #333; padding: 0 4px 8px;\">Esta cesta contiene:<br \/>\n&#8211; Vino blanco Chardonnay<br \/>\n&#8211; Queso Fermi\u00f3, artesanal, leche cruda de vaca, cremoso 100g<br \/>\n&#8211; Queso Bunch Le Bolut, artesanal, leche cruda de cabra, pasta suave 100g<br \/>\n&#8211; Queso Sotabosc, artesanal, leche de vaca, pasta semidura 400g<br \/>\n&#8211; Mermelada de manzana artesanal 100g<br \/>\n&#8211; Tostadas<br \/>\n&#8211; Frutos secos 50g<\/div>\n<\/details>\n<details style=\"border-radius: 4px; overflow: hidden; margin-bottom: 25px; max-width: 380px;\">\n<summary style=\"background: #b58043; color: #fff; font-weight: 600; font-size: 15px; list-style: none; display: flex; justify-content: space-between; align-items: center; padding: 6px 16px; cursor: pointer; width: 100%;\">Maridalo as\u00ed <span style=\"margin-left: auto;\">+<\/span><\/summary>\n<div style=\"margin-top: 12px; font-size: 14px; line-height: 1.7; color: #333; padding: 0 4px 8px;\">1\ufe0f\u20e3 Abre el vino y sirve una primera copa.<br \/>\n2\ufe0f\u20e3 Prueba primero el Bunch Le Bolut, para preparar el paladar.<br \/>\n3\ufe0f\u20e3 Contin\u00faa con el Fermi\u00f3, cremoso y equilibrado.<br \/>\n4\ufe0f\u20e3 Termina con el Sotabosc, de sabor m\u00e1s intenso y persistente.<\/p>\n<p>A\u00f1ade mermelada para un contraste dulce y combina con frutos secos para sumar textura.<\/p><\/div>\n<\/details>","protected":false},"featured_media":5629,"comment_status":"open","ping_status":"closed","template":"","meta":[],"product_brand":[],"product_cat":[31],"product_tag":[],"class_list":{"0":"post-5628","1":"product","2":"type-product","3":"status-publish","4":"has-post-thumbnail","6":"product_cat-cestas","8":"first","9":"instock","10":"shipping-taxable","11":"purchasable","12":"product-type-simple"},"_links":{"self":[{"href":"https:\/\/lacabanyeta.com\/uk\/wp-json\/wp\/v2\/product\/5628","targetHints":{"allow":["GET"]}}],"collection":[{"href":"https:\/\/lacabanyeta.com\/uk\/wp-json\/wp\/v2\/product"}],"about":[{"href":"https:\/\/lacabanyeta.com\/uk\/wp-json\/wp\/v2\/types\/product"}],"replies":[{"embeddable":true,"href":"https:\/\/lacabanyeta.com\/uk\/wp-json\/wp\/v2\/comments?post=5628"}],"wp:featuredmedia":[{"embeddable":true,"href":"https:\/\/lacabanyeta.com\/uk\/wp-json\/wp\/v2\/media\/5629"}],"wp:attachment":[{"href":"https:\/\/lacabanyeta.com\/uk\/wp-json\/wp\/v2\/media?parent=5628"}],"wp:term":[{"taxonomy":"product_brand","embeddable":true,"href":"https:\/\/lacabanyeta.com\/uk\/wp-json\/wp\/v2\/product_brand?post=5628"},{"taxonomy":"product_cat","embeddable":true,"href":"https:\/\/lacabanyeta.com\/uk\/wp-json\/wp\/v2\/product_cat?post=5628"},{"taxonomy":"product_tag","embeddable":true,"href":"https:\/\/lacabanyeta.com\/uk\/wp-json\/wp\/v2\/product_tag?post=5628"}],"curies":[{"name":"wp","href":"https:\/\/api.w.org\/{rel}","templated":true}]}}